{"id":648,"date":"2015-10-07T01:47:37","date_gmt":"2015-10-07T01:47:37","guid":{"rendered":"http:\/\/wordpress.templaza.net\/wp-maniva\/meetup\/?page_id=648"},"modified":"2020-03-29T18:02:55","modified_gmt":"2020-03-29T17:02:55","slug":"contact","status":"publish","type":"page","link":"https:\/\/pleiadianinstitute.com\/fr\/contact\/","title":{"rendered":"Contact"},"content":{"rendered":"<p>[vc_row][vc_column]    <div class=\"tz_box_title\">\r\n        \r\n            <div class=\"tz_maniva_meetup_title tz_maniva_meetup_title_type1  tz_text_align_center \">\r\n\r\n                \r\n                    <h3 class=\"\"  \">\r\n                    Des questions ? Commentaires ? Contactez-nous !                    <\/h3>\r\n\r\n                \r\n                \r\n                \r\n                \r\n            <\/div>\r\n\r\n            <\/div>\r\n    [\/vc_column][\/vc_row][vc_row tz_row_type=\u00a0\u00bbgrid\u00a0\u00bb css=\u00a0\u00bb.vc_custom_1444276218239{padding-top: 119px !important;padding-bottom: 95px !important;}\u00a0\u00bb][vc_column width=\u00a0\u00bb4\/12&Prime;][vc_raw_html]JTNDZGl2JTIwY2xhc3MlM0QlMjJ0el9jb250YWN0X21lZXRfMiUyMiUzRSUwQSUwQSUyMCUyMCUyMCUyMCUyMCUyMCUyMCUyMCUzQ2ElMjBocmVmJTNEJTIyaHR0cHMlM0ElMkYlMkZ3d3cuZmFjZWJvb2suY29tJTJGcGxlaWFkaWFuLmluc3RpdHV0ZS5ldXJvcGUlMkYlMjIlMjB0aXRsZSUzRCUyMlJldHJvdXZlei1ub3VzJTIwc3VyJTIwbm90cmUlMjBwYWdlJTIyJTIwdGFyZ2V0JTNEJTIyX2JsYW5rJTIyJTNFJTBBJTIwJTIwJTIwJTIwJTNDZGl2JTIwY2xhc3MlM0QlMjJ0el9jb250YWN0X2RldGFpbF9tZWV0JTIyJTNFJTBBJTIwJTIwJTIwJTIwJTIwJTIwJTIwJTIwJTNDc3BhbiUyMGNsYXNzJTNEJTIydHpfY29udGFjdF9tZWV0X2ljb24lMjIlM0UlMEElMjAlMjAlMjAlMjAlMjAlMjAlMjAlMjAlMjAlMjAlMjAlMjAlM0NpJTIwY2xhc3MlM0QlMjJmYSUyMGZhLWZhY2Vib29rJTIyJTNFJTNDJTJGaSUzRSUwQSUyMCUyMCUyMCUyMCUyMCUyMCUyMCUyMCUzQyUyRnNwYW4lM0UlMEElMjAlMjAlMjAlMjAlMjAlMjAlMjAlMjAlM0NoNCUyMHN0eWxlJTNEJTIycGFkZGluZy10b3AlM0ElMjAxMHB4JTNCJTIyJTNFJTBBJTIwJTIwJTIwJTIwJTIwJTIwJTIwJTIwJTIwJTIwJTIwJTIwRmFjZWJvb2slMjAlMjAlMjAlMjAlMjAlMjAlMjAlMjAlM0MlMkZoNCUzRSUwQSUyMCUyMCUyMCUyMCUzQyUyRmRpdiUzRSUwQSUzQyUyRmElM0UlMEElM0MlMkZkaXYlM0U=[\/vc_raw_html][vc_raw_html]JTNDZGl2JTIwY2xhc3MlM0QlMjJ0el9jb250YWN0X21lZXRfMiUyMiUzRSUwQSUwQSUyMCUyMCUyMCUyMCUyMCUyMCUyMCUyMCUzQ2ElMjBocmVmJTNEJTIyaHR0cHMlM0ElMkYlMkZ3d3cuaW5zdGFncmFtLmNvbSUyRnBsZWlhZGlhbi5pbnN0aXR1dGUlMkYlMjIlMjB0aXRsZSUzRCUyMlJldHJvdXZlei1ub3VzJTIwc3VyJTIwbm90cmUlMjBjb21wdGUlMjBJbnN0YWdyYW0lMjIlMjB0YXJnZXQlM0QlMjJfYmxhbmslMjIlM0UlMEElMjAlMjAlMjAlMjAlM0NkaXYlMjBjbGFzcyUzRCUyMnR6X2NvbnRhY3RfZGV0YWlsX21lZXQlMjIlM0UlMEElMjAlMjAlMjAlMjAlMjAlMjAlMjAlMjAlM0NzcGFuJTIwY2xhc3MlM0QlMjJ0el9jb250YWN0X21lZXRfaWNvbiUyMiUyMHN0eWxlJTNEJTIyYmFja2dyb3VuZCUzQSUyM2MyMmQ4MSUyMiUzRSUwQSUyMCUyMCUyMCUyMCUyMCUyMCUyMCUyMCUyMCUyMCUyMCUyMCUzQ2klMjBjbGFzcyUzRCUyMmZhJTIwZmEtaW5zdGFncmFtJTIyJTNFJTNDJTJGaSUzRSUwQSUyMCUyMCUyMCUyMCUyMCUyMCUyMCUyMCUzQyUyRnNwYW4lM0UlMEElMjAlMjAlMjAlMjAlMjAlMjAlMjAlMjAlM0NoNCUyMHN0eWxlJTNEJTIycGFkZGluZy10b3AlM0ElMjAxMHB4JTNCJTIyJTNFJTBBJTIwJTIwJTIwJTIwJTIwJTIwJTIwJTIwJTIwJTIwJTIwJTIwSW5zdGFncmFtJTIwJTIwJTIwJTIwJTIwJTIwJTIwJTIwJTNDJTJGaDQlM0UlMEElMjAlMjAlMjAlMjAlM0MlMkZkaXYlM0UlMEElM0MlMkZhJTNFJTBBJTNDJTJGZGl2JTNF[\/vc_raw_html][vc_raw_html]JTNDZGl2JTIwY2xhc3MlM0QlMjJ0el9jb250YWN0X21lZXRfMiUyMiUzRSUwQSUwQSUyMCUyMCUyMCUyMCUyMCUyMCUyMCUyMCUzQ2ElMjBocmVmJTNEJTIyaHR0cHMlM0ElMkYlMkZ3d3cueW91dHViZS5jb20lMkZjaGFubmVsJTJGVUNpZzJaejFyWDA5NGMzWlFtUW1vMVVRJTIyJTIwdGl0bGUlM0QlMjJSZXRyb3V2ZXotbm91cyUyMHRvdXRlcyUyMG5vcyUyMHZpZCVDMyVBOW9zJTIyJTIwdGFyZ2V0JTNEJTIyX2JsYW5rJTIyJTNFJTBBJTIwJTIwJTIwJTIwJTNDZGl2JTIwY2xhc3MlM0QlMjJ0el9jb250YWN0X2RldGFpbF9tZWV0JTIyJTNFJTBBJTIwJTIwJTIwJTIwJTIwJTIwJTIwJTIwJTNDc3BhbiUyMGNsYXNzJTNEJTIydHpfY29udGFjdF9tZWV0X2ljb24lMjIlMjBzdHlsZSUzRCUyMmJhY2tncm91bmQlM0ElMjNFNjIxMTclMjIlM0UlMEElMjAlMjAlMjAlMjAlMjAlMjAlMjAlMjAlMjAlMjAlMjAlMjAlM0NpJTIwY2xhc3MlM0QlMjJmYSUyMGZhLXlvdXR1YmUlMjIlM0UlM0MlMkZpJTNFJTBBJTIwJTIwJTIwJTIwJTIwJTIwJTIwJTIwJTNDJTJGc3BhbiUzRSUwQSUyMCUyMCUyMCUyMCUyMCUyMCUyMCUyMCUzQ2g0JTIwc3R5bGUlM0QlMjJwYWRkaW5nLXRvcCUzQSUyMDEwcHglM0IlMjIlM0UlMEElMjAlMjAlMjAlMjAlMjAlMjAlMjAlMjAlMjAlMjAlMjAlMjBZb3V0dWJlJTIwJTIwJTIwJTIwJTIwJTIwJTIwJTIwJTNDJTJGaDQlM0UlMEElMjAlMjAlMjAlMjAlM0MlMkZkaXYlM0UlMEElM0MlMkZhJTNFJTBBJTNDJTJGZGl2JTNF[\/vc_raw_html][\/vc_column][vc_column width=\u00a0\u00bb8\/12&Prime;]<div role=\"form\" class=\"wpcf7\" id=\"wpcf7-f664-o1\" lang=\"en-US\" dir=\"ltr\">\n<div class=\"screen-reader-response\"><p role=\"status\" aria-live=\"polite\" aria-atomic=\"true\"><\/p> <ul><\/ul><\/div>\n<form action=\"\/fr\/wp-json\/wp\/v2\/pages\/648#wpcf7-f664-o1\" method=\"post\" class=\"wpcf7-form init\" novalidate=\"novalidate\" data-status=\"init\">\n<div style=\"display: none;\">\n<input type=\"hidden\" name=\"_wpcf7\" value=\"664\" \/>\n<input type=\"hidden\" name=\"_wpcf7_version\" value=\"5.6.3\" \/>\n<input type=\"hidden\" name=\"_wpcf7_locale\" value=\"en_US\" \/>\n<input type=\"hidden\" name=\"_wpcf7_unit_tag\" value=\"wpcf7-f664-o1\" \/>\n<input type=\"hidden\" name=\"_wpcf7_container_post\" value=\"0\" \/>\n<input type=\"hidden\" name=\"_wpcf7_posted_data_hash\" value=\"\" \/>\n<input type=\"hidden\" name=\"lang\" value=\"fr\" \/>\n<\/div>\n<div class=\"tz_meetup_wpcf7-form\">\n<p><span class=\"wpcf7-form-control-wrap\" data-name=\"text-610\"><input type=\"text\" name=\"text-610\" value=\"\" size=\"40\" class=\"wpcf7-form-control wpcf7-text wpcf7-validates-as-required\" aria-required=\"true\" aria-invalid=\"false\" placeholder=\"NOM *\" \/><\/span><i class=\"fa fa-users\"><\/i><\/p>\n<p><span class=\"wpcf7-form-control-wrap\" data-name=\"email-78\"><input type=\"email\" name=\"email-78\" value=\"\" size=\"40\" class=\"wpcf7-form-control wpcf7-text wpcf7-email wpcf7-validates-as-required wpcf7-validates-as-email\" aria-required=\"true\" aria-invalid=\"false\" placeholder=\"ADRESSE EMAIL\" \/><\/span><i class=\"fa fa-envelope-o\"><\/i><\/p>\n<p><span class=\"wpcf7-form-control-wrap\" data-name=\"your-subject\"><input type=\"text\" name=\"your-subject\" value=\"\" size=\"40\" class=\"wpcf7-form-control wpcf7-text\" aria-invalid=\"false\" placeholder=\"SUJET\" \/><\/span><i class=\"fa fa-sort-desc\"><\/i><\/p>\n<p class=\"tz_meetup_contact_textarea\"><span class=\"wpcf7-form-control-wrap\" data-name=\"textarea-410\"><textarea name=\"textarea-410\" cols=\"40\" rows=\"10\" class=\"wpcf7-form-control wpcf7-textarea wpcf7-validates-as-required\" aria-required=\"true\" aria-invalid=\"false\" placeholder=\"VOTRE MESSAGE *\"><\/textarea><\/span><i class=\"fa fa-commenting-o\"><\/i><\/p>\n<p><input type=\"submit\" value=\"Envoyer\" class=\"wpcf7-form-control has-spinner wpcf7-submit\" \/><\/p>\n<\/div>\n<p style=\"display: none !important;\"><label>&#916;<textarea name=\"_wpcf7_ak_hp_textarea\" cols=\"45\" rows=\"8\" maxlength=\"100\"><\/textarea><\/label><input type=\"hidden\" id=\"ak_js_1\" name=\"_wpcf7_ak_js\" value=\"233\"\/><script>document.getElementById( \"ak_js_1\" ).setAttribute( \"value\", ( new Date() ).getTime() );<\/script><\/p><div class=\"wpcf7-response-output\" aria-hidden=\"true\"><\/div><\/form><\/div>[\/vc_column][\/vc_row]<\/p>\n","protected":false},"excerpt":{"rendered":"<p>[vc_row][vc_column][\/vc_column][\/vc_row][vc_row tz_row_type=\u00a0\u00bbgrid\u00a0\u00bb css=\u00a0\u00bb.vc_custom_1444276218239{padding-top: 119px !important;padding-bottom: 95px !important;}\u00a0\u00bb][vc_column width=\u00a0\u00bb4\/12&Prime;][vc_raw_html]JTNDZGl2JTIwY2xhc3MlM0QlMjJ0el9jb250YWN0X21lZXRfMiUyMiUzRSUwQSUwQSUyMCUyMCUyMCUyMCUyMCUyMCUyMCUyMCUzQ2ElMjBocmVmJTNEJTIyaHR0cHMlM0ElMkYlMkZ3d3cuZmFjZWJvb2suY29tJTJGcGxlaWFkaWFuLmluc3RpdHV0ZS5ldXJvcGUlMkYlMjIlMjB0aXRsZSUzRCUyMlJldHJvdXZlei1ub3VzJTIwc3VyJTIwbm90cmUlMjBwYWdlJTIyJTIwdGFyZ2V0JTNEJTIyX2JsYW5rJTIyJTNFJTBBJTIwJTIwJTIwJTIwJTNDZGl2JTIwY2xhc3MlM0QlMjJ0el9jb250YWN0X2RldGFpbF9tZWV0JTIyJTNFJTBBJTIwJTIwJTIwJTIwJTIwJTIwJTIwJTIwJTNDc3BhbiUyMGNsYXNzJTNEJTIydHpfY29udGFjdF9tZWV0X2ljb24lMjIlM0UlMEElMjAlMjAlMjAlMjAlMjAlMjAlMjAlMjAlMjAlMjAlMjAlMjAlM0NpJTIwY2xhc3MlM0QlMjJmYSUyMGZhLWZhY2Vib29rJTIyJTNFJTNDJTJGaSUzRSUwQSUyMCUyMCUyMCUyMCUyMCUyMCUyMCUyMCUzQyUyRnNwYW4lM0UlMEElMjAlMjAlMjAlMjAlMjAlMjAlMjAlMjAlM0NoNCUyMHN0eWxlJTNEJTIycGFkZGluZy10b3AlM0ElMjAxMHB4JTNCJTIyJTNFJTBBJTIwJTIwJTIwJTIwJTIwJTIwJTIwJTIwJTIwJTIwJTIwJTIwRmFjZWJvb2slMjAlMjAlMjAlMjAlMjAlMjAlMjAlMjAlM0MlMkZoNCUzRSUwQSUyMCUyMCUyMCUyMCUzQyUyRmRpdiUzRSUwQSUzQyUyRmElM0UlMEElM0MlMkZkaXYlM0U=[\/vc_raw_html][vc_raw_html]JTNDZGl2JTIwY2xhc3MlM0QlMjJ0el9jb250YWN0X21lZXRfMiUyMiUzRSUwQSUwQSUyMCUyMCUyMCUyMCUyMCUyMCUyMCUyMCUzQ2ElMjBocmVmJTNEJTIyaHR0cHMlM0ElMkYlMkZ3d3cuaW5zdGFncmFtLmNvbSUyRnBsZWlhZGlhbi5pbnN0aXR1dGUlMkYlMjIlMjB0aXRsZSUzRCUyMlJldHJvdXZlei1ub3VzJTIwc3VyJTIwbm90cmUlMjBjb21wdGUlMjBJbnN0YWdyYW0lMjIlMjB0YXJnZXQlM0QlMjJfYmxhbmslMjIlM0UlMEElMjAlMjAlMjAlMjAlM0NkaXYlMjBjbGFzcyUzRCUyMnR6X2NvbnRhY3RfZGV0YWlsX21lZXQlMjIlM0UlMEElMjAlMjAlMjAlMjAlMjAlMjAlMjAlMjAlM0NzcGFuJTIwY2xhc3MlM0QlMjJ0el9jb250YWN0X21lZXRfaWNvbiUyMiUyMHN0eWxlJTNEJTIyYmFja2dyb3VuZCUzQSUyM2MyMmQ4MSUyMiUzRSUwQSUyMCUyMCUyMCUyMCUyMCUyMCUyMCUyMCUyMCUyMCUyMCUyMCUzQ2klMjBjbGFzcyUzRCUyMmZhJTIwZmEtaW5zdGFncmFtJTIyJTNFJTNDJTJGaSUzRSUwQSUyMCUyMCUyMCUyMCUyMCUyMCUyMCUyMCUzQyUyRnNwYW4lM0UlMEElMjAlMjAlMjAlMjAlMjAlMjAlMjAlMjAlM0NoNCUyMHN0eWxlJTNEJTIycGFkZGluZy10b3AlM0ElMjAxMHB4JTNCJTIyJTNFJTBBJTIwJTIwJTIwJTIwJTIwJTIwJTIwJTIwJTIwJTIwJTIwJTIwSW5zdGFncmFtJTIwJTIwJTIwJTIwJTIwJTIwJTIwJTIwJTNDJTJGaDQlM0UlMEElMjAlMjAlMjAlMjAlM0MlMkZkaXYlM0UlMEElM0MlMkZhJTNFJTBBJTNDJTJGZGl2JTNF[\/vc_raw_html][vc_raw_html]JTNDZGl2JTIwY2xhc3MlM0QlMjJ0el9jb250YWN0X21lZXRfMiUyMiUzRSUwQSUwQSUyMCUyMCUyMCUyMCUyMCUyMCUyMCUyMCUzQ2ElMjBocmVmJTNEJTIyaHR0cHMlM0ElMkYlMkZ3d3cueW91dHViZS5jb20lMkZjaGFubmVsJTJGVUNpZzJaejFyWDA5NGMzWlFtUW1vMVVRJTIyJTIwdGl0bGUlM0QlMjJSZXRyb3V2ZXotbm91cyUyMHRvdXRlcyUyMG5vcyUyMHZpZCVDMyVBOW9zJTIyJTIwdGFyZ2V0JTNEJTIyX2JsYW5rJTIyJTNFJTBBJTIwJTIwJTIwJTIwJTNDZGl2JTIwY2xhc3MlM0QlMjJ0el9jb250YWN0X2RldGFpbF9tZWV0JTIyJTNFJTBBJTIwJTIwJTIwJTIwJTIwJTIwJTIwJTIwJTNDc3BhbiUyMGNsYXNzJTNEJTIydHpfY29udGFjdF9tZWV0X2ljb24lMjIlMjBzdHlsZSUzRCUyMmJhY2tncm91bmQlM0ElMjNFNjIxMTclMjIlM0UlMEElMjAlMjAlMjAlMjAlMjAlMjAlMjAlMjAlMjAlMjAlMjAlMjAlM0NpJTIwY2xhc3MlM0QlMjJmYSUyMGZhLXlvdXR1YmUlMjIlM0UlM0MlMkZpJTNFJTBBJTIwJTIwJTIwJTIwJTIwJTIwJTIwJTIwJTNDJTJGc3BhbiUzRSUwQSUyMCUyMCUyMCUyMCUyMCUyMCUyMCUyMCUzQ2g0JTIwc3R5bGUlM0QlMjJwYWRkaW5nLXRvcCUzQSUyMDEwcHglM0IlMjIlM0UlMEElMjAlMjAlMjAlMjAlMjAlMjAlMjAlMjAlMjAlMjAlMjAlMjBZb3V0dWJlJTIwJTIwJTIwJTIwJTIwJTIwJTIwJTIwJTNDJTJGaDQlM0UlMEElMjAlMjAlMjAlMjAlM0MlMkZkaXYlM0UlMEElM0MlMkZhJTNFJTBBJTNDJTJGZGl2JTNF[\/vc_raw_html][\/vc_column][vc_column width=\u00a0\u00bb8\/12&Prime;][\/vc_column][\/vc_row]<\/p>\n","protected":false},"author":1,"featured_media":0,"parent":0,"menu_order":0,"comment_status":"closed","ping_status":"closed","template":"","meta":[],"yoast_head":"<!-- This site is optimized with the Yoast SEO plugin v19.6.1 - https:\/\/yoast.com\/wordpress\/plugins\/seo\/ -->\n<title>Contact - L&#039;Institut des Pl\u00e9iades en Europe<\/title>\n<meta name=\"robots\" content=\"index, follow, max-snippet:-1, max-image-preview:large, max-video-preview:-1\" \/>\n<link rel=\"canonical\" href=\"https:\/\/pleiadianinstitute.com\/en\/contact\/\" \/>\n<meta property=\"og:locale\" content=\"fr_FR\" \/>\n<meta property=\"og:type\" content=\"article\" \/>\n<meta property=\"og:title\" content=\"Contact\" \/>\n<meta property=\"og:description\" content=\"[vc_row][vc_column][\/vc_column][\/vc_row][vc_row tz_row_type=\u00a0\u00bbgrid\u00a0\u00bb css=\u00a0\u00bb.vc_custom_1444276218239{padding-top: 119px !important;padding-bottom: 95px !important;}\u00a0\u00bb][vc_column width=\u00a0\u00bb4\/12&Prime;][vc_raw_html]JTNDZGl2JTIwY2xhc3MlM0QlMjJ0el9jb250YWN0X21lZXRfMiUyMiUzRSUwQSUwQSUyMCUyMCUyMCUyMCUyMCUyMCUyMCUyMCUzQ2ElMjBocmVmJTNEJTIyaHR0cHMlM0ElMkYlMkZ3d3cuZmFjZWJvb2suY29tJTJGcGxlaWFkaWFuLmluc3RpdHV0ZS5ldXJvcGUlMkYlMjIlMjB0aXRsZSUzRCUyMlJldHJvdXZlei1ub3VzJTIwc3VyJTIwbm90cmUlMjBwYWdlJTIyJTIwdGFyZ2V0JTNEJTIyX2JsYW5rJTIyJTNFJTBBJTIwJTIwJTIwJTIwJTNDZGl2JTIwY2xhc3MlM0QlMjJ0el9jb250YWN0X2RldGFpbF9tZWV0JTIyJTNFJTBBJTIwJTIwJTIwJTIwJTIwJTIwJTIwJTIwJTNDc3BhbiUyMGNsYXNzJTNEJTIydHpfY29udGFjdF9tZWV0X2ljb24lMjIlM0UlMEElMjAlMjAlMjAlMjAlMjAlMjAlMjAlMjAlMjAlMjAlMjAlMjAlM0NpJTIwY2xhc3MlM0QlMjJmYSUyMGZhLWZhY2Vib29rJTIyJTNFJTNDJTJGaSUzRSUwQSUyMCUyMCUyMCUyMCUyMCUyMCUyMCUyMCUzQyUyRnNwYW4lM0UlMEElMjAlMjAlMjAlMjAlMjAlMjAlMjAlMjAlM0NoNCUyMHN0eWxlJTNEJTIycGFkZGluZy10b3AlM0ElMjAxMHB4JTNCJTIyJTNFJTBBJTIwJTIwJTIwJTIwJTIwJTIwJTIwJTIwJTIwJTIwJTIwJTIwRmFjZWJvb2slMjAlMjAlMjAlMjAlMjAlMjAlMjAlMjAlM0MlMkZoNCUzRSUwQSUyMCUyMCUyMCUyMCUzQyUyRmRpdiUzRSUwQSUzQyUyRmElM0UlMEElM0MlMkZkaXYlM0U=[\/vc_raw_html][vc_raw_html]JTNDZGl2JTIwY2xhc3MlM0QlMjJ0el9jb250YWN0X21lZXRfMiUyMiUzRSUwQSUwQSUyMCUyMCUyMCUyMCUyMCUyMCUyMCUyMCUzQ2ElMjBocmVmJTNEJTIyaHR0cHMlM0ElMkYlMkZ3d3cuaW5zdGFncmFtLmNvbSUyRnBsZWlhZGlhbi5pbnN0aXR1dGUlMkYlMjIlMjB0aXRsZSUzRCUyMlJldHJvdXZlei1ub3VzJTIwc3VyJTIwbm90cmUlMjBjb21wdGUlMjBJbnN0YWdyYW0lMjIlMjB0YXJnZXQlM0QlMjJfYmxhbmslMjIlM0UlMEElMjAlMjAlMjAlMjAlM0NkaXYlMjBjbGFzcyUzRCUyMnR6X2NvbnRhY3RfZGV0YWlsX21lZXQlMjIlM0UlMEElMjAlMjAlMjAlMjAlMjAlMjAlMjAlMjAlM0NzcGFuJTIwY2xhc3MlM0QlMjJ0el9jb250YWN0X21lZXRfaWNvbiUyMiUyMHN0eWxlJTNEJTIyYmFja2dyb3VuZCUzQSUyM2MyMmQ4MSUyMiUzRSUwQSUyMCUyMCUyMCUyMCUyMCUyMCUyMCUyMCUyMCUyMCUyMCUyMCUzQ2klMjBjbGFzcyUzRCUyMmZhJTIwZmEtaW5zdGFncmFtJTIyJTNFJTNDJTJGaSUzRSUwQSUyMCUyMCUyMCUyMCUyMCUyMCUyMCUyMCUzQyUyRnNwYW4lM0UlMEElMjAlMjAlMjAlMjAlMjAlMjAlMjAlMjAlM0NoNCUyMHN0eWxlJTNEJTIycGFkZGluZy10b3AlM0ElMjAxMHB4JTNCJTIyJTNFJTBBJTIwJTIwJTIwJTIwJTIwJTIwJTIwJTIwJTIwJTIwJTIwJTIwSW5zdGFncmFtJTIwJTIwJTIwJTIwJTIwJTIwJTIwJTIwJTNDJTJGaDQlM0UlMEElMjAlMjAlMjAlMjAlM0MlMkZkaXYlM0UlMEElM0MlMkZhJTNFJTBBJTNDJTJGZGl2JTNF[\/vc_raw_html][vc_raw_html]JTNDZGl2JTIwY2xhc3MlM0QlMjJ0el9jb250YWN0X21lZXRfMiUyMiUzRSUwQSUwQSUyMCUyMCUyMCUyMCUyMCUyMCUyMCUyMCUzQ2ElMjBocmVmJTNEJTIyaHR0cHMlM0ElMkYlMkZ3d3cueW91dHViZS5jb20lMkZjaGFubmVsJTJGVUNpZzJaejFyWDA5NGMzWlFtUW1vMVVRJTIyJTIwdGl0bGUlM0QlMjJSZXRyb3V2ZXotbm91cyUyMHRvdXRlcyUyMG5vcyUyMHZpZCVDMyVBOW9zJTIyJTIwdGFyZ2V0JTNEJTIyX2JsYW5rJTIyJTNFJTBBJTIwJTIwJTIwJTIwJTNDZGl2JTIwY2xhc3MlM0QlMjJ0el9jb250YWN0X2RldGFpbF9tZWV0JTIyJTNFJTBBJTIwJTIwJTIwJTIwJTIwJTIwJTIwJTIwJTNDc3BhbiUyMGNsYXNzJTNEJTIydHpfY29udGFjdF9tZWV0X2ljb24lMjIlMjBzdHlsZSUzRCUyMmJhY2tncm91bmQlM0ElMjNFNjIxMTclMjIlM0UlMEElMjAlMjAlMjAlMjAlMjAlMjAlMjAlMjAlMjAlMjAlMjAlMjAlM0NpJTIwY2xhc3MlM0QlMjJmYSUyMGZhLXlvdXR1YmUlMjIlM0UlM0MlMkZpJTNFJTBBJTIwJTIwJTIwJTIwJTIwJTIwJTIwJTIwJTNDJTJGc3BhbiUzRSUwQSUyMCUyMCUyMCUyMCUyMCUyMCUyMCUyMCUzQ2g0JTIwc3R5bGUlM0QlMjJwYWRkaW5nLXRvcCUzQSUyMDEwcHglM0IlMjIlM0UlMEElMjAlMjAlMjAlMjAlMjAlMjAlMjAlMjAlMjAlMjAlMjAlMjBZb3V0dWJlJTIwJTIwJTIwJTIwJTIwJTIwJTIwJTIwJTNDJTJGaDQlM0UlMEElMjAlMjAlMjAlMjAlM0MlMkZkaXYlM0UlMEElM0MlMkZhJTNFJTBBJTNDJTJGZGl2JTNF[\/vc_raw_html][\/vc_column][vc_column width=\u00a0\u00bb8\/12&Prime;][\/vc_column][\/vc_row]\" \/>\n<meta property=\"og:url\" content=\"https:\/\/pleiadianinstitute.com\/en\/contact\/\" \/>\n<meta property=\"og:site_name\" content=\"L&#039;Institut des Pl\u00e9iades en Europe\" \/>\n<meta property=\"article:modified_time\" content=\"2020-03-29T17:02:55+00:00\" \/>\n<meta name=\"twitter:card\" content=\"summary\" \/>\n<meta name=\"twitter:label1\" content=\"Dur\u00e9e de lecture estim\u00e9e\" \/>\n\t<meta name=\"twitter:data1\" content=\"3 minutes\" \/>\n<script type=\"application\/ld+json\" class=\"yoast-schema-graph\">{\"@context\":\"https:\/\/schema.org\",\"@graph\":[{\"@type\":\"WebPage\",\"@id\":\"https:\/\/pleiadianinstitute.com\/en\/contact\/\",\"url\":\"https:\/\/pleiadianinstitute.com\/en\/contact\/\",\"name\":\"[:en]Contact[:fr]Contact[:] - L'Institut des Pl\u00e9iades en Europe\",\"isPartOf\":{\"@id\":\"https:\/\/pleiadianinstitute.com\/en\/#website\"},\"datePublished\":\"2015-10-07T01:47:37+00:00\",\"dateModified\":\"2020-03-29T17:02:55+00:00\",\"breadcrumb\":{\"@id\":\"https:\/\/pleiadianinstitute.com\/en\/contact\/#breadcrumb\"},\"inLanguage\":\"fr-FR\",\"potentialAction\":[{\"@type\":\"ReadAction\",\"target\":[\"https:\/\/pleiadianinstitute.com\/en\/contact\/\"]}]},{\"@type\":\"BreadcrumbList\",\"@id\":\"https:\/\/pleiadianinstitute.com\/en\/contact\/#breadcrumb\",\"itemListElement\":[{\"@type\":\"ListItem\",\"position\":1,\"name\":\"Accueil\",\"item\":\"https:\/\/pleiadianinstitute.com\/en\/\"},{\"@type\":\"ListItem\",\"position\":2,\"name\":\"Contact\"}]},{\"@type\":\"WebSite\",\"@id\":\"https:\/\/pleiadianinstitute.com\/en\/#website\",\"url\":\"https:\/\/pleiadianinstitute.com\/en\/\",\"name\":\"L'Institut des Pl\u00e9iades en Europe\",\"description\":\"\",\"potentialAction\":[{\"@type\":\"SearchAction\",\"target\":{\"@type\":\"EntryPoint\",\"urlTemplate\":\"https:\/\/pleiadianinstitute.com\/en\/?s={search_term_string}\"},\"query-input\":\"required name=search_term_string\"}],\"inLanguage\":\"fr-FR\"}]}<\/script>\n<!-- \/ Yoast SEO plugin. -->","yoast_head_json":{"title":"Contact - L'Institut des Pl\u00e9iades en Europe","robots":{"index":"index","follow":"follow","max-snippet":"max-snippet:-1","max-image-preview":"max-image-preview:large","max-video-preview":"max-video-preview:-1"},"canonical":"https:\/\/pleiadianinstitute.com\/en\/contact\/","og_locale":"fr_FR","og_type":"article","og_title":"[:en]Contact[:fr]Contact[:] - L'Institut des Pl\u00e9iades en Europe","og_description":"[vc_row][vc_column][\/vc_column][\/vc_row][vc_row tz_row_type=\u00a0\u00bbgrid\u00a0\u00bb css=\u00a0\u00bb.vc_custom_1444276218239{padding-top: 119px !important;padding-bottom: 95px !important;}\u00a0\u00bb][vc_column width=\u00a0\u00bb4\/12&Prime;][vc_raw_html]JTNDZGl2JTIwY2xhc3MlM0QlMjJ0el9jb250YWN0X21lZXRfMiUyMiUzRSUwQSUwQSUyMCUyMCUyMCUyMCUyMCUyMCUyMCUyMCUzQ2ElMjBocmVmJTNEJTIyaHR0cHMlM0ElMkYlMkZ3d3cuZmFjZWJvb2suY29tJTJGcGxlaWFkaWFuLmluc3RpdHV0ZS5ldXJvcGUlMkYlMjIlMjB0aXRsZSUzRCUyMlJldHJvdXZlei1ub3VzJTIwc3VyJTIwbm90cmUlMjBwYWdlJTIyJTIwdGFyZ2V0JTNEJTIyX2JsYW5rJTIyJTNFJTBBJTIwJTIwJTIwJTIwJTNDZGl2JTIwY2xhc3MlM0QlMjJ0el9jb250YWN0X2RldGFpbF9tZWV0JTIyJTNFJTBBJTIwJTIwJTIwJTIwJTIwJTIwJTIwJTIwJTNDc3BhbiUyMGNsYXNzJTNEJTIydHpfY29udGFjdF9tZWV0X2ljb24lMjIlM0UlMEElMjAlMjAlMjAlMjAlMjAlMjAlMjAlMjAlMjAlMjAlMjAlMjAlM0NpJTIwY2xhc3MlM0QlMjJmYSUyMGZhLWZhY2Vib29rJTIyJTNFJTNDJTJGaSUzRSUwQSUyMCUyMCUyMCUyMCUyMCUyMCUyMCUyMCUzQyUyRnNwYW4lM0UlMEElMjAlMjAlMjAlMjAlMjAlMjAlMjAlMjAlM0NoNCUyMHN0eWxlJTNEJTIycGFkZGluZy10b3AlM0ElMjAxMHB4JTNCJTIyJTNFJTBBJTIwJTIwJTIwJTIwJTIwJTIwJTIwJTIwJTIwJTIwJTIwJTIwRmFjZWJvb2slMjAlMjAlMjAlMjAlMjAlMjAlMjAlMjAlM0MlMkZoNCUzRSUwQSUyMCUyMCUyMCUyMCUzQyUyRmRpdiUzRSUwQSUzQyUyRmElM0UlMEElM0MlMkZkaXYlM0U=[\/vc_raw_html][vc_raw_html]JTNDZGl2JTIwY2xhc3MlM0QlMjJ0el9jb250YWN0X21lZXRfMiUyMiUzRSUwQSUwQSUyMCUyMCUyMCUyMCUyMCUyMCUyMCUyMCUzQ2ElMjBocmVmJTNEJTIyaHR0cHMlM0ElMkYlMkZ3d3cuaW5zdGFncmFtLmNvbSUyRnBsZWlhZGlhbi5pbnN0aXR1dGUlMkYlMjIlMjB0aXRsZSUzRCUyMlJldHJvdXZlei1ub3VzJTIwc3VyJTIwbm90cmUlMjBjb21wdGUlMjBJbnN0YWdyYW0lMjIlMjB0YXJnZXQlM0QlMjJfYmxhbmslMjIlM0UlMEElMjAlMjAlMjAlMjAlM0NkaXYlMjBjbGFzcyUzRCUyMnR6X2NvbnRhY3RfZGV0YWlsX21lZXQlMjIlM0UlMEElMjAlMjAlMjAlMjAlMjAlMjAlMjAlMjAlM0NzcGFuJTIwY2xhc3MlM0QlMjJ0el9jb250YWN0X21lZXRfaWNvbiUyMiUyMHN0eWxlJTNEJTIyYmFja2dyb3VuZCUzQSUyM2MyMmQ4MSUyMiUzRSUwQSUyMCUyMCUyMCUyMCUyMCUyMCUyMCUyMCUyMCUyMCUyMCUyMCUzQ2klMjBjbGFzcyUzRCUyMmZhJTIwZmEtaW5zdGFncmFtJTIyJTNFJTNDJTJGaSUzRSUwQSUyMCUyMCUyMCUyMCUyMCUyMCUyMCUyMCUzQyUyRnNwYW4lM0UlMEElMjAlMjAlMjAlMjAlMjAlMjAlMjAlMjAlM0NoNCUyMHN0eWxlJTNEJTIycGFkZGluZy10b3AlM0ElMjAxMHB4JTNCJTIyJTNFJTBBJTIwJTIwJTIwJTIwJTIwJTIwJTIwJTIwJTIwJTIwJTIwJTIwSW5zdGFncmFtJTIwJTIwJTIwJTIwJTIwJTIwJTIwJTIwJTNDJTJGaDQlM0UlMEElMjAlMjAlMjAlMjAlM0MlMkZkaXYlM0UlMEElM0MlMkZhJTNFJTBBJTNDJTJGZGl2JTNF[\/vc_raw_html][vc_raw_html]JTNDZGl2JTIwY2xhc3MlM0QlMjJ0el9jb250YWN0X21lZXRfMiUyMiUzRSUwQSUwQSUyMCUyMCUyMCUyMCUyMCUyMCUyMCUyMCUzQ2ElMjBocmVmJTNEJTIyaHR0cHMlM0ElMkYlMkZ3d3cueW91dHViZS5jb20lMkZjaGFubmVsJTJGVUNpZzJaejFyWDA5NGMzWlFtUW1vMVVRJTIyJTIwdGl0bGUlM0QlMjJSZXRyb3V2ZXotbm91cyUyMHRvdXRlcyUyMG5vcyUyMHZpZCVDMyVBOW9zJTIyJTIwdGFyZ2V0JTNEJTIyX2JsYW5rJTIyJTNFJTBBJTIwJTIwJTIwJTIwJTNDZGl2JTIwY2xhc3MlM0QlMjJ0el9jb250YWN0X2RldGFpbF9tZWV0JTIyJTNFJTBBJTIwJTIwJTIwJTIwJTIwJTIwJTIwJTIwJTNDc3BhbiUyMGNsYXNzJTNEJTIydHpfY29udGFjdF9tZWV0X2ljb24lMjIlMjBzdHlsZSUzRCUyMmJhY2tncm91bmQlM0ElMjNFNjIxMTclMjIlM0UlMEElMjAlMjAlMjAlMjAlMjAlMjAlMjAlMjAlMjAlMjAlMjAlMjAlM0NpJTIwY2xhc3MlM0QlMjJmYSUyMGZhLXlvdXR1YmUlMjIlM0UlM0MlMkZpJTNFJTBBJTIwJTIwJTIwJTIwJTIwJTIwJTIwJTIwJTNDJTJGc3BhbiUzRSUwQSUyMCUyMCUyMCUyMCUyMCUyMCUyMCUyMCUzQ2g0JTIwc3R5bGUlM0QlMjJwYWRkaW5nLXRvcCUzQSUyMDEwcHglM0IlMjIlM0UlMEElMjAlMjAlMjAlMjAlMjAlMjAlMjAlMjAlMjAlMjAlMjAlMjBZb3V0dWJlJTIwJTIwJTIwJTIwJTIwJTIwJTIwJTIwJTNDJTJGaDQlM0UlMEElMjAlMjAlMjAlMjAlM0MlMkZkaXYlM0UlMEElM0MlMkZhJTNFJTBBJTNDJTJGZGl2JTNF[\/vc_raw_html][\/vc_column][vc_column width=\u00a0\u00bb8\/12&Prime;][\/vc_column][\/vc_row]","og_url":"https:\/\/pleiadianinstitute.com\/en\/contact\/","og_site_name":"L'Institut des Pl\u00e9iades en Europe","article_modified_time":"2020-03-29T17:02:55+00:00","twitter_card":"summary","twitter_misc":{"Dur\u00e9e de lecture estim\u00e9e":"3 minutes"},"schema":{"@context":"https:\/\/schema.org","@graph":[{"@type":"WebPage","@id":"https:\/\/pleiadianinstitute.com\/en\/contact\/","url":"https:\/\/pleiadianinstitute.com\/en\/contact\/","name":"[:en]Contact[:fr]Contact[:] - L'Institut des Pl\u00e9iades en Europe","isPartOf":{"@id":"https:\/\/pleiadianinstitute.com\/en\/#website"},"datePublished":"2015-10-07T01:47:37+00:00","dateModified":"2020-03-29T17:02:55+00:00","breadcrumb":{"@id":"https:\/\/pleiadianinstitute.com\/en\/contact\/#breadcrumb"},"inLanguage":"fr-FR","potentialAction":[{"@type":"ReadAction","target":["https:\/\/pleiadianinstitute.com\/en\/contact\/"]}]},{"@type":"BreadcrumbList","@id":"https:\/\/pleiadianinstitute.com\/en\/contact\/#breadcrumb","itemListElement":[{"@type":"ListItem","position":1,"name":"Accueil","item":"https:\/\/pleiadianinstitute.com\/en\/"},{"@type":"ListItem","position":2,"name":"Contact"}]},{"@type":"WebSite","@id":"https:\/\/pleiadianinstitute.com\/en\/#website","url":"https:\/\/pleiadianinstitute.com\/en\/","name":"L'Institut des Pl\u00e9iades en Europe","description":"","potentialAction":[{"@type":"SearchAction","target":{"@type":"EntryPoint","urlTemplate":"https:\/\/pleiadianinstitute.com\/en\/?s={search_term_string}"},"query-input":"required name=search_term_string"}],"inLanguage":"fr-FR"}]}},"_links":{"self":[{"href":"https:\/\/pleiadianinstitute.com\/fr\/wp-json\/wp\/v2\/pages\/648"}],"collection":[{"href":"https:\/\/pleiadianinstitute.com\/fr\/wp-json\/wp\/v2\/pages"}],"about":[{"href":"https:\/\/pleiadianinstitute.com\/fr\/wp-json\/wp\/v2\/types\/page"}],"author":[{"embeddable":true,"href":"https:\/\/pleiadianinstitute.com\/fr\/wp-json\/wp\/v2\/users\/1"}],"replies":[{"embeddable":true,"href":"https:\/\/pleiadianinstitute.com\/fr\/wp-json\/wp\/v2\/comments?post=648"}],"version-history":[{"count":17,"href":"https:\/\/pleiadianinstitute.com\/fr\/wp-json\/wp\/v2\/pages\/648\/revisions"}],"predecessor-version":[{"id":2206,"href":"https:\/\/pleiadianinstitute.com\/fr\/wp-json\/wp\/v2\/pages\/648\/revisions\/2206"}],"wp:attachment":[{"href":"https:\/\/pleiadianinstitute.com\/fr\/wp-json\/wp\/v2\/media?parent=648"}],"curies":[{"name":"wp","href":"https:\/\/api.w.org\/{rel}","templated":true}]}}