{"id":2435,"date":"2024-07-27T14:08:19","date_gmt":"2024-07-27T13:08:19","guid":{"rendered":"https:\/\/pleiadianinstitute.com\/fr\/?page_id=2435"},"modified":"2025-08-11T20:57:53","modified_gmt":"2025-08-11T19:57:53","slug":"luniversite-de-la-conscience","status":"publish","type":"page","link":"https:\/\/pleiadianinstitute.com\/fr\/luniversite-de-la-conscience\/","title":{"rendered":"L&rsquo;Universit\u00e9 de la Conscience"},"content":{"rendered":"<p><strong>Qu\u2019est-ce que l\u2019Universit\u00e9 de la Conscience\u00a0?<\/strong><\/p>\n<p>C\u2019est une plateforme en ligne qui s\u00e9lectionne des intervenants de qualit\u00e9 et rend disponible des informations li\u00e9es \u00e0 l\u2019\u00e9veil des consciences. Avec ce projet, l\u2019Institut des Pl\u00e9iades en Europe poursuit sa mission qui consiste \u00e0 rendre accessible des contenus qui permettent d\u2019apprendre sur l\u2019\u00e9veil des consciences.<\/p>\n<p>Gr\u00e2ce au r\u00e9seau que nous avons pu d\u00e9velopper depuis 2015, nous avons des facilit\u00e9s \u00e0 s\u00e9lectionner les intervenants qui seront les plus \u00e0-m\u00eame de transmettre des connaissances essentielles.<\/p>\n<p><iframe loading=\"lazy\" title=\"L&#039;Universit\u00e9 de la Conscience - Bande-annonce\" width=\"900\" height=\"506\" src=\"https:\/\/www.youtube.com\/embed\/97S95sz_TJo?feature=oembed\" frameborder=\"0\" allow=\"accelerometer; autoplay; clipboard-write; encrypted-media; gyroscope; picture-in-picture; web-share\" referrerpolicy=\"strict-origin-when-cross-origin\" allowfullscreen><\/iframe><\/p>\n<p><strong>Comment \u00e7a fonctionne\u00a0?<\/strong><\/p>\n<p>Au m\u00eame titre qu&rsquo;une universit\u00e9 classique permet la transmission de connaissances concernant les mati\u00e8res habituelles, nous avons con\u00e7u une universit\u00e9 des connaissances spirituelles, en langue fran\u00e7aise. Voici le cursus pour la premi\u00e8re ann\u00e9e:<\/p>\n<p>&#8211; Tarot de Marseille avec Mo\u00efra Salvadore<\/p>\n<p>&#8211; Astrologie avec In\u00e8s et Melani<\/p>\n<p>&#8211; Num\u00e9rologie et Psychog\u00e9n\u00e9alogie avec Muriel Pactat<\/p>\n<p>&#8211; Chirologie avec Henri Mosiman<\/p>\n<p>&#8211; Intuition avec David Hertz<\/p>\n<p>&#8211; Bols chantants avec Romain Ceyleron<\/p>\n<p>&#8211; Alchimie et Tarot avec Ode Pactat-Didier<\/p>\n<p>&#8211; Int\u00e9gration avec Alice Nicolas<\/p>\n<p>&#8211; G\u00e9obiologie avec Jacques Rosset<\/p>\n<p>&nbsp;<\/p>\n<p><strong>Comment s&rsquo;inscrire?<\/strong><\/p>\n<p>En cliquant ici:<\/p>\n<p><a href=\"https:\/\/pleiadian-institute.systeme.io\/formules\" target=\"_blank\" rel=\"noopener\">Inscriptions<\/a><\/p>\n<p>&nbsp;<\/p>\n<p><strong>Combien \u00e7a co\u00fbte?<\/strong><\/p>\n<p>3 formules:<\/p>\n<p>Basique &#8211; 245\u20ac<\/p>\n<p>Compl\u00e8te &#8211; 295\u20ac<\/p>\n<p>Bonus &#8211; 395\u20ac<\/p>\n<p>&nbsp;<\/p>\n<p><strong>Qu&rsquo;est-ce qui est compris dans ce prix?<\/strong><\/p>\n<ul>\n<li>Plus de 20 heures de cours en format vid\u00e9o de qualit\u00e9<\/li>\n<li>Intervenants soigneusement s\u00e9lectionn\u00e9s par l&rsquo;Institut des Pl\u00e9iades<\/li>\n<li>Acc\u00e8s au supports de cours<\/li>\n<li>Rejoins une communaut\u00e9 enthousiaste et apprends sur ta nature spirituelle!<\/li>\n<li>Voir le d\u00e9tail complet dans le lien Inscription<\/li>\n<\/ul>\n<p>&nbsp;<\/p>\n","protected":false},"excerpt":{"rendered":"<p>Qu\u2019est-ce que l\u2019Universit\u00e9 de la Conscience\u00a0? C\u2019est une plateforme en ligne qui s\u00e9lectionne des intervenants de qualit\u00e9 et rend disponible des informations li\u00e9es \u00e0 l\u2019\u00e9veil des consciences. Avec ce projet, l\u2019Institut des Pl\u00e9iades en Europe poursuit sa mission qui consiste \u00e0 rendre accessible des contenus qui permettent d\u2019apprendre sur l\u2019\u00e9veil [&hellip;]<\/p>\n","protected":false},"author":2,"featured_media":0,"parent":0,"menu_order":0,"comment_status":"closed","ping_status":"closed","template":"","meta":[],"yoast_head":"<!-- This site is optimized with the Yoast SEO plugin v19.6.1 - https:\/\/yoast.com\/wordpress\/plugins\/seo\/ -->\n<title>L&#039;Universit\u00e9 de la Conscience - L&#039;Institut des Pl\u00e9iades en Europe<\/title>\n<meta name=\"robots\" content=\"index, follow, max-snippet:-1, max-image-preview:large, max-video-preview:-1\" \/>\n<link rel=\"canonical\" href=\"https:\/\/pleiadianinstitute.com\/fr\/luniversite-de-la-conscience\/\" \/>\n<meta property=\"og:locale\" content=\"fr_FR\" \/>\n<meta property=\"og:type\" content=\"article\" \/>\n<meta property=\"og:title\" content=\"L&#039;Universit\u00e9 de la Conscience\" \/>\n<meta property=\"og:description\" content=\"Qu\u2019est-ce que l\u2019Universit\u00e9 de la Conscience\u00a0? C\u2019est une plateforme en ligne qui s\u00e9lectionne des intervenants de qualit\u00e9 et rend disponible des informations li\u00e9es \u00e0 l\u2019\u00e9veil des consciences. Avec ce projet, l\u2019Institut des Pl\u00e9iades en Europe poursuit sa mission qui consiste \u00e0 rendre accessible des contenus qui permettent d\u2019apprendre sur l\u2019\u00e9veil [&hellip;]\" \/>\n<meta property=\"og:url\" content=\"https:\/\/pleiadianinstitute.com\/fr\/luniversite-de-la-conscience\/\" \/>\n<meta property=\"og:site_name\" content=\"L&#039;Institut des Pl\u00e9iades en Europe\" \/>\n<meta property=\"article:modified_time\" content=\"2025-08-11T19:57:53+00:00\" \/>\n<meta name=\"twitter:card\" content=\"summary\" \/>\n<meta name=\"twitter:label1\" content=\"Dur\u00e9e de lecture estim\u00e9e\" \/>\n\t<meta name=\"twitter:data1\" content=\"2 minutes\" \/>\n<script type=\"application\/ld+json\" class=\"yoast-schema-graph\">{\"@context\":\"https:\/\/schema.org\",\"@graph\":[{\"@type\":\"WebPage\",\"@id\":\"https:\/\/pleiadianinstitute.com\/fr\/luniversite-de-la-conscience\/\",\"url\":\"https:\/\/pleiadianinstitute.com\/fr\/luniversite-de-la-conscience\/\",\"name\":\"[:en]Brouillon auto[:fr]L'Universit\u00e9 de la Conscience[:] - L'Institut des Pl\u00e9iades en Europe\",\"isPartOf\":{\"@id\":\"https:\/\/pleiadianinstitute.com\/en\/#website\"},\"datePublished\":\"2024-07-27T13:08:19+00:00\",\"dateModified\":\"2025-08-11T19:57:53+00:00\",\"breadcrumb\":{\"@id\":\"https:\/\/pleiadianinstitute.com\/fr\/luniversite-de-la-conscience\/#breadcrumb\"},\"inLanguage\":\"fr-FR\",\"potentialAction\":[{\"@type\":\"ReadAction\",\"target\":[\"https:\/\/pleiadianinstitute.com\/fr\/luniversite-de-la-conscience\/\"]}]},{\"@type\":\"BreadcrumbList\",\"@id\":\"https:\/\/pleiadianinstitute.com\/fr\/luniversite-de-la-conscience\/#breadcrumb\",\"itemListElement\":[{\"@type\":\"ListItem\",\"position\":1,\"name\":\"Accueil\",\"item\":\"https:\/\/pleiadianinstitute.com\/en\/\"},{\"@type\":\"ListItem\",\"position\":2,\"name\":\"L&rsquo;Universit\u00e9 de la Conscience\"}]},{\"@type\":\"WebSite\",\"@id\":\"https:\/\/pleiadianinstitute.com\/en\/#website\",\"url\":\"https:\/\/pleiadianinstitute.com\/en\/\",\"name\":\"L'Institut des Pl\u00e9iades en Europe\",\"description\":\"\",\"potentialAction\":[{\"@type\":\"SearchAction\",\"target\":{\"@type\":\"EntryPoint\",\"urlTemplate\":\"https:\/\/pleiadianinstitute.com\/en\/?s={search_term_string}\"},\"query-input\":\"required name=search_term_string\"}],\"inLanguage\":\"fr-FR\"}]}<\/script>\n<!-- \/ Yoast SEO plugin. -->","yoast_head_json":{"title":"L'Universit\u00e9 de la Conscience - L'Institut des Pl\u00e9iades en Europe","robots":{"index":"index","follow":"follow","max-snippet":"max-snippet:-1","max-image-preview":"max-image-preview:large","max-video-preview":"max-video-preview:-1"},"canonical":"https:\/\/pleiadianinstitute.com\/fr\/luniversite-de-la-conscience\/","og_locale":"fr_FR","og_type":"article","og_title":"[:en]Brouillon auto[:fr]L'Universit\u00e9 de la Conscience[:] - L'Institut des Pl\u00e9iades en Europe","og_description":"Qu\u2019est-ce que l\u2019Universit\u00e9 de la Conscience\u00a0? C\u2019est une plateforme en ligne qui s\u00e9lectionne des intervenants de qualit\u00e9 et rend disponible des informations li\u00e9es \u00e0 l\u2019\u00e9veil des consciences. Avec ce projet, l\u2019Institut des Pl\u00e9iades en Europe poursuit sa mission qui consiste \u00e0 rendre accessible des contenus qui permettent d\u2019apprendre sur l\u2019\u00e9veil [&hellip;]","og_url":"https:\/\/pleiadianinstitute.com\/fr\/luniversite-de-la-conscience\/","og_site_name":"L'Institut des Pl\u00e9iades en Europe","article_modified_time":"2025-08-11T19:57:53+00:00","twitter_card":"summary","twitter_misc":{"Dur\u00e9e de lecture estim\u00e9e":"2 minutes"},"schema":{"@context":"https:\/\/schema.org","@graph":[{"@type":"WebPage","@id":"https:\/\/pleiadianinstitute.com\/fr\/luniversite-de-la-conscience\/","url":"https:\/\/pleiadianinstitute.com\/fr\/luniversite-de-la-conscience\/","name":"[:en]Brouillon auto[:fr]L'Universit\u00e9 de la Conscience[:] - L'Institut des Pl\u00e9iades en Europe","isPartOf":{"@id":"https:\/\/pleiadianinstitute.com\/en\/#website"},"datePublished":"2024-07-27T13:08:19+00:00","dateModified":"2025-08-11T19:57:53+00:00","breadcrumb":{"@id":"https:\/\/pleiadianinstitute.com\/fr\/luniversite-de-la-conscience\/#breadcrumb"},"inLanguage":"fr-FR","potentialAction":[{"@type":"ReadAction","target":["https:\/\/pleiadianinstitute.com\/fr\/luniversite-de-la-conscience\/"]}]},{"@type":"BreadcrumbList","@id":"https:\/\/pleiadianinstitute.com\/fr\/luniversite-de-la-conscience\/#breadcrumb","itemListElement":[{"@type":"ListItem","position":1,"name":"Accueil","item":"https:\/\/pleiadianinstitute.com\/en\/"},{"@type":"ListItem","position":2,"name":"L&rsquo;Universit\u00e9 de la Conscience"}]},{"@type":"WebSite","@id":"https:\/\/pleiadianinstitute.com\/en\/#website","url":"https:\/\/pleiadianinstitute.com\/en\/","name":"L'Institut des Pl\u00e9iades en Europe","description":"","potentialAction":[{"@type":"SearchAction","target":{"@type":"EntryPoint","urlTemplate":"https:\/\/pleiadianinstitute.com\/en\/?s={search_term_string}"},"query-input":"required name=search_term_string"}],"inLanguage":"fr-FR"}]}},"_links":{"self":[{"href":"https:\/\/pleiadianinstitute.com\/fr\/wp-json\/wp\/v2\/pages\/2435"}],"collection":[{"href":"https:\/\/pleiadianinstitute.com\/fr\/wp-json\/wp\/v2\/pages"}],"about":[{"href":"https:\/\/pleiadianinstitute.com\/fr\/wp-json\/wp\/v2\/types\/page"}],"author":[{"embeddable":true,"href":"https:\/\/pleiadianinstitute.com\/fr\/wp-json\/wp\/v2\/users\/2"}],"replies":[{"embeddable":true,"href":"https:\/\/pleiadianinstitute.com\/fr\/wp-json\/wp\/v2\/comments?post=2435"}],"version-history":[{"count":18,"href":"https:\/\/pleiadianinstitute.com\/fr\/wp-json\/wp\/v2\/pages\/2435\/revisions"}],"predecessor-version":[{"id":2458,"href":"https:\/\/pleiadianinstitute.com\/fr\/wp-json\/wp\/v2\/pages\/2435\/revisions\/2458"}],"wp:attachment":[{"href":"https:\/\/pleiadianinstitute.com\/fr\/wp-json\/wp\/v2\/media?parent=2435"}],"curies":[{"name":"wp","href":"https:\/\/api.w.org\/{rel}","templated":true}]}}