{"id":2241,"date":"2020-05-03T08:31:24","date_gmt":"2020-05-03T07:31:24","guid":{"rendered":"https:\/\/pleiadianinstitute.com\/en\/?page_id=2241"},"modified":"2020-05-08T13:51:39","modified_gmt":"2020-05-08T12:51:39","slug":"the-wise-ones","status":"publish","type":"page","link":"https:\/\/pleiadianinstitute.com\/fr\/the-wise-ones\/","title":{"rendered":"Les sages"},"content":{"rendered":"<p>[vc_row][vc_column]    <div class=\"tz_box_title vc_custom_1588791746748\">\r\n        \r\n            <div class=\"tz_maniva_meetup_title tz_maniva_meetup_title_type1  tz_text_align_center \">\r\n\r\n                \r\n                    <h3 class=\"\"  \">\r\n                    Bienvenue dans le Conseil des Sages !                    <\/h3>\r\n\r\n                \r\n                \r\n                \r\n                \r\n            <\/div>\r\n\r\n            <\/div>\r\n    [\/vc_column][\/vc_row][vc_row][vc_column width=\u00a0\u00bb2\/3&Prime;][vc_column_text]<\/p>\n<p style=\"font-weight: 400;\">Les Sages ont \u00e9t\u00e9 choisis pour leur longue exp\u00e9rience dans le domaine de la conscience, leur aisance \u00e0 transmettre des savoirs complexes, ainsi que leur envie d\u2019aiguiller l\u2019Institut des Pl\u00e9iades dans son \u00e9volution.<\/p>\n<p style=\"font-weight: 400;\">En pratique, ils permettent \u00e0 l\u2019IPE d\u2019avoir un socle ferme \u00e0 partir duquel avancer. En d\u00e9but d\u2019ann\u00e9e, ils partagent leur sentiment sur les orientations futures et nous font b\u00e9n\u00e9ficier de leur vision et de leurs connections. Ponctuellement, ils peuvent \u00e9galement \u00eatre consult\u00e9s au cours de l\u2019ann\u00e9e sur des questions plus pr\u00e9cises.<\/p>\n<p style=\"font-weight: 400;\">Nous remercions les Sages pour leur implication avec l\u2019Institut des Pl\u00e9iades\u00a0!<\/p>\n<p>[\/vc_column_text][\/vc_column][vc_column width=\u00a0\u00bb1\/3&Prime;][vc_single_image image=\u00a0\u00bb2265&Prime; img_size=\u00a0\u00bb390&#215;180&Prime;][\/vc_column][\/vc_row][vc_row][vc_column][vc_empty_space height=\u00a0\u00bb128px\u00a0\u00bb][\/vc_column][\/vc_row][vc_row][vc_column width=\u00a0\u00bb1\/4&Prime;]\r\n    <div class=\"tz_maniva_about_meetup\">\r\n        <div class=\"tz_meetup_thumbnail\">\r\n\r\n            \r\n                <a target=\"_blank\" href=\"https:\/\/www.frequenciesoflight.org\/\" >\r\n                    <img width=\"275\" height=\"275\" src=\"https:\/\/pleiadianinstitute.com\/wp-content\/uploads\/2020\/05\/eduardo.jpg\" class=\"attachment-full size-full\" alt=\"\" loading=\"lazy\" srcset=\"https:\/\/pleiadianinstitute.com\/wp-content\/uploads\/2020\/05\/eduardo.jpg 275w, https:\/\/pleiadianinstitute.com\/wp-content\/uploads\/2020\/05\/eduardo-150x150.jpg 150w, https:\/\/pleiadianinstitute.com\/wp-content\/uploads\/2020\/05\/eduardo-100x100.jpg 100w\" sizes=\"(max-width: 275px) 100vw, 275px\" \/>                <\/a>\r\n\r\n            \r\n        <\/div>\r\n        <h4 >\r\n            \r\n                <a  target=\"_blank\" href=\"https:\/\/www.frequenciesoflight.org\/\" >\r\n                    Eduardo Chianca Rocha, Br\u00e9sil                <\/a>\r\n\r\n                    <\/h4>\r\n        <div class=\"tz_meetup_about_content\">\r\n                    <\/div>\r\n    <\/div>\r\n\r\n[\/vc_column][vc_column width=\u00a0\u00bb1\/4&Prime;]\r\n    <div class=\"tz_maniva_about_meetup\">\r\n        <div class=\"tz_meetup_thumbnail\">\r\n\r\n            \r\n                <a target=\"_blank\" href=\"https:\/\/www.youtube.com\/watch?v=n7k4faohc7U\" >\r\n                    <img width=\"275\" height=\"275\" src=\"https:\/\/pleiadianinstitute.com\/wp-content\/uploads\/2020\/05\/james.jpg\" class=\"attachment-full size-full\" alt=\"\" loading=\"lazy\" srcset=\"https:\/\/pleiadianinstitute.com\/wp-content\/uploads\/2020\/05\/james.jpg 275w, https:\/\/pleiadianinstitute.com\/wp-content\/uploads\/2020\/05\/james-150x150.jpg 150w, https:\/\/pleiadianinstitute.com\/wp-content\/uploads\/2020\/05\/james-100x100.jpg 100w\" sizes=\"(max-width: 275px) 100vw, 275px\" \/>                <\/a>\r\n\r\n            \r\n        <\/div>\r\n        <h4 >\r\n            \r\n                <a  target=\"_blank\" href=\"https:\/\/www.youtube.com\/watch?v=n7k4faohc7U\" >\r\n                    James Dan McTague, U.S.A.                <\/a>\r\n\r\n                    <\/h4>\r\n        <div class=\"tz_meetup_about_content\">\r\n                    <\/div>\r\n    <\/div>\r\n\r\n[\/vc_column][vc_column width=\u00a0\u00bb1\/4&Prime;]\r\n    <div class=\"tz_maniva_about_meetup\">\r\n        <div class=\"tz_meetup_thumbnail\">\r\n\r\n            \r\n                <a target=\"_blank\" href=\"https:\/\/www.youtube.com\/watch?v=UuY6TucexFo&amp;list=PLbP60fiaVl3aKP7uE_qRLPDCdKSKB4Pjn\" >\r\n                    <img width=\"275\" height=\"275\" src=\"https:\/\/pleiadianinstitute.com\/wp-content\/uploads\/2016\/04\/odette.jpg\" class=\"attachment-full size-full\" alt=\"\" loading=\"lazy\" srcset=\"https:\/\/pleiadianinstitute.com\/wp-content\/uploads\/2016\/04\/odette.jpg 275w, https:\/\/pleiadianinstitute.com\/wp-content\/uploads\/2016\/04\/odette-100x100.jpg 100w, https:\/\/pleiadianinstitute.com\/wp-content\/uploads\/2016\/04\/odette-150x150.jpg 150w\" sizes=\"(max-width: 275px) 100vw, 275px\" \/>                <\/a>\r\n\r\n            \r\n        <\/div>\r\n        <h4 >\r\n            \r\n                <a  target=\"_blank\" href=\"https:\/\/www.youtube.com\/watch?v=UuY6TucexFo&amp;list=PLbP60fiaVl3aKP7uE_qRLPDCdKSKB4Pjn\" >\r\n                    Ode Pactat-Didier, France                <\/a>\r\n\r\n                    <\/h4>\r\n        <div class=\"tz_meetup_about_content\">\r\n                    <\/div>\r\n    <\/div>\r\n\r\n[\/vc_column][vc_column width=\u00a0\u00bb1\/4&Prime;]\r\n    <div class=\"tz_maniva_about_meetup\">\r\n        <div class=\"tz_meetup_thumbnail\">\r\n\r\n            \r\n                <a target=\"_blank\" href=\"https:\/\/www.youtube.com\/watch?v=o_XJ0mNq2Lw\" >\r\n                    <img width=\"515\" height=\"515\" src=\"https:\/\/pleiadianinstitute.com\/wp-content\/uploads\/2019\/03\/ROSSET.J-2016.jpg\" class=\"attachment-full size-full\" alt=\"\" loading=\"lazy\" srcset=\"https:\/\/pleiadianinstitute.com\/wp-content\/uploads\/2019\/03\/ROSSET.J-2016.jpg 515w, https:\/\/pleiadianinstitute.com\/wp-content\/uploads\/2019\/03\/ROSSET.J-2016-150x150.jpg 150w, https:\/\/pleiadianinstitute.com\/wp-content\/uploads\/2019\/03\/ROSSET.J-2016-300x300.jpg 300w, https:\/\/pleiadianinstitute.com\/wp-content\/uploads\/2019\/03\/ROSSET.J-2016-100x100.jpg 100w\" sizes=\"(max-width: 515px) 100vw, 515px\" \/>                <\/a>\r\n\r\n            \r\n        <\/div>\r\n        <h4 >\r\n            \r\n                <a  target=\"_blank\" href=\"https:\/\/www.youtube.com\/watch?v=o_XJ0mNq2Lw\" >\r\n                    Jacques Rosset, Suisse                <\/a>\r\n\r\n                    <\/h4>\r\n        <div class=\"tz_meetup_about_content\">\r\n                    <\/div>\r\n    <\/div>\r\n\r\n[\/vc_column][\/vc_row][vc_row][vc_column width=\u00a0\u00bb1\/4&Prime;]\r\n    <div class=\"tz_maniva_about_meetup\">\r\n        <div class=\"tz_meetup_thumbnail\">\r\n\r\n            \r\n                \r\n            \r\n        <\/div>\r\n        <h4 >\r\n            \r\n                \r\n                    <\/h4>\r\n        <div class=\"tz_meetup_about_content\">\r\n            <p>Eduardo Chianca Rocha est un \u00e9crivain et th\u00e9rapeute br\u00e9silien. Apr\u00e8s un brillante carri\u00e8re chez IBM, il se \u00e9tudie la conscience humaine et la m\u00e9decine vibratoire des chakras et des corps \u00e9nerg\u00e9tiques depuis plus de 25 ans. Il a cr\u00e9e une technique th\u00e9rapeutique multidimensionnelle appel\u00e9e \u00ab\u00a0Frequencies Of Light\u00a0\u00bb avec des implications holistiques et quantiques.<\/p>\n        <\/div>\r\n    <\/div>\r\n\r\n[\/vc_column][vc_column width=\u00a0\u00bb1\/4&Prime;]\r\n    <div class=\"tz_maniva_about_meetup\">\r\n        <div class=\"tz_meetup_thumbnail\">\r\n\r\n            \r\n                \r\n            \r\n        <\/div>\r\n        <h4 >\r\n            \r\n                \r\n                    <\/h4>\r\n        <div class=\"tz_meetup_about_content\">\r\n            <p>N\u00e9 en Alaska, James est un veteran de l\u2019arm\u00e9e U.S., il est auteur, co-fondateur de Science and art Products et de Youngheart Music et il a 3 enfants. Il enseigne des m\u00e9thodes de m\u00e9ditation avanc\u00e9es. Aujourd\u2019hui il tourne toute son attention vers \u00ab\u00a0The Triangles of Love\u00a0\u00bb, un processus simple qui permet de cr\u00e9er une relation personnelle avec l\u2019Amour Universel en invitant cette pr\u00e9sence dans son champ de conscience.<\/p>\n        <\/div>\r\n    <\/div>\r\n\r\n[\/vc_column][vc_column width=\u00a0\u00bb1\/4&Prime;]\r\n    <div class=\"tz_maniva_about_meetup\">\r\n        <div class=\"tz_meetup_thumbnail\">\r\n\r\n            \r\n                \r\n            \r\n        <\/div>\r\n        <h4 >\r\n            \r\n                \r\n                    <\/h4>\r\n        <div class=\"tz_meetup_about_content\">\r\n            <p>Ode Pactat-Didier est \u00e9crivain et a publi\u00e9 pas moins de 18 ouvrages sur le sujet de l\u2019\u00e9volution humaine et spirituelle. Elle est \u00e9galement magn\u00e9tiseuse, num\u00e9rologue et tarologue. Elle est sp\u00e9cialiste de nombreux sujets dont l\u2019avancement spirituel de l\u2019humanit\u00e9 \u00e0 travers les diff\u00e9rentes \u00e8res cosmiques.<\/p>\n        <\/div>\r\n    <\/div>\r\n\r\n[\/vc_column][vc_column width=\u00a0\u00bb1\/4&Prime;]\r\n    <div class=\"tz_maniva_about_meetup\">\r\n        <div class=\"tz_meetup_thumbnail\">\r\n\r\n            \r\n                \r\n            \r\n        <\/div>\r\n        <h4 >\r\n            \r\n                \r\n                    <\/h4>\r\n        <div class=\"tz_meetup_about_content\">\r\n            <p>Jacques Rosset est Architecte HES \u00e0 Gen\u00e8ve, Eco-biologiste de la construction, sp\u00e9cialiste en Urbanisme Durable et Gestion de l\u2019\u00e9lectro-smog, Expert Feng-shui &#8211; Sp\u00e9cialiste des \u00abTrois G\u00bb G\u00e9om\u00e9trie sacr\u00e9e, G\u00e9omancie et G\u00e9obiologie. Il est sp\u00e9cialiste des hauts lieux \u00e9nerg\u00e9tiques plan\u00e9taires et du r\u00f4le de Gen\u00e8ve en tant que centre \u00e9nerg\u00e9tique mondial et vecteur de transition.<\/p>\n        <\/div>\r\n    <\/div>\r\n\r\n[\/vc_column][\/vc_row][vc_row][vc_column width=\u00a0\u00bb1\/4&Prime;]\r\n    <div class=\"tz_maniva_about_meetup\">\r\n        <div class=\"tz_meetup_thumbnail\">\r\n\r\n            \r\n                \r\n            \r\n        <\/div>\r\n        <h4 >\r\n            \r\n                \r\n                    <\/h4>\r\n        <div class=\"tz_meetup_about_content\">\r\n            <div dir=\"auto\"><em>\u201cAvant m\u00eame la question de l&rsquo;\u00e9veil global de l&rsquo;Humanit\u00e9, il y a l&rsquo;id\u00e9e d&rsquo;un effondrement global n\u00e9cessaire, dans tous les aspects de notre soci\u00e9t\u00e9 actuelle.<\/em><\/div>\n<div dir=\"auto\"><em>Apr\u00e8s cela, la qu\u00eate vers la v\u00e9rit\u00e9 cosmique l&#8217;emportera, et la plupart des gens trouveront la connection \u00e0 l&rsquo;Esprit (Moi-sup\u00e9rieur)\u201d<\/em><\/div>\n        <\/div>\r\n    <\/div>\r\n\r\n[\/vc_column][vc_column width=\u00a0\u00bb1\/4&Prime;]\r\n    <div class=\"tz_maniva_about_meetup\">\r\n        <div class=\"tz_meetup_thumbnail\">\r\n\r\n            \r\n                \r\n            \r\n        <\/div>\r\n        <h4 >\r\n            \r\n                \r\n                    <\/h4>\r\n        <div class=\"tz_meetup_about_content\">\r\n            <p><em>\u201cConstruire une relation personnelle avec l\u2019Amour dans notre champs de conscience permettra de nous transformer nous-m\u00eame, l\u2019humanit\u00e9 et le monde gr\u00e2ce \u00e0 son pouvoir de transformation et transmutation. C\u2019est tellement simple que m\u00eame un enfant peut le faire. C\u2019est \u00e0 la port\u00e9e de tout le monde\u00a0!\u201d<\/em><\/p>\n        <\/div>\r\n    <\/div>\r\n\r\n[\/vc_column][vc_column width=\u00a0\u00bb1\/4&Prime;]\r\n    <div class=\"tz_maniva_about_meetup\">\r\n        <div class=\"tz_meetup_thumbnail\">\r\n\r\n            \r\n                \r\n            \r\n        <\/div>\r\n        <h4 >\r\n            \r\n                \r\n                    <\/h4>\r\n        <div class=\"tz_meetup_about_content\">\r\n            <p><em>\u201cA mon avis la cl\u00e9 pour un \u00e9veil des consciences est un \u00e9veil de l\u2019intelligence, c\u2019est-\u00e0-dire de travailler avec notre mental sup\u00e9rieur, qui permet de concevoir un chemin d\u2019\u00e9volution vers la lumi\u00e8re\u201d<\/em><\/p>\n        <\/div>\r\n    <\/div>\r\n\r\n[\/vc_column][vc_column width=\u00a0\u00bb1\/4&Prime;]\r\n    <div class=\"tz_maniva_about_meetup\">\r\n        <div class=\"tz_meetup_thumbnail\">\r\n\r\n            \r\n                \r\n            \r\n        <\/div>\r\n        <h4 >\r\n            \r\n                \r\n                    <\/h4>\r\n        <div class=\"tz_meetup_about_content\">\r\n            <p><em>\u201cL\u2019une des voies pour un \u00e9veil des consciences, en tout cas celle que j\u2019exp\u00e9rimente c\u2019est de d\u00e9velopper la conscience du partage et de la connection avec Ga\u00cfa la M\u00e8re Terre.\u201d<\/em><\/p>\n        <\/div>\r\n    <\/div>\r\n\r\n[\/vc_column][\/vc_row]<\/p>\n","protected":false},"excerpt":{"rendered":"<p>[vc_row][vc_column][\/vc_column][\/vc_row][vc_row][vc_column width=\u00a0\u00bb2\/3&Prime;][vc_column_text] Les Sages ont \u00e9t\u00e9 choisis pour leur longue exp\u00e9rience dans le domaine de la conscience, leur aisance \u00e0 transmettre des savoirs complexes, ainsi que leur envie d\u2019aiguiller l\u2019Institut des Pl\u00e9iades dans son \u00e9volution. En pratique, ils permettent \u00e0 l\u2019IPE d\u2019avoir un socle ferme \u00e0 partir duquel avancer. En [&hellip;]<\/p>\n","protected":false},"author":1,"featured_media":0,"parent":0,"menu_order":0,"comment_status":"closed","ping_status":"closed","template":"","meta":[],"yoast_head":"<!-- This site is optimized with the Yoast SEO plugin v19.6.1 - https:\/\/yoast.com\/wordpress\/plugins\/seo\/ -->\n<title>Les sages - L&#039;Institut des Pl\u00e9iades en Europe<\/title>\n<meta name=\"robots\" content=\"index, follow, max-snippet:-1, max-image-preview:large, max-video-preview:-1\" \/>\n<link rel=\"canonical\" href=\"https:\/\/pleiadianinstitute.com\/fr\/the-wise-ones\/\" \/>\n<meta property=\"og:locale\" content=\"fr_FR\" \/>\n<meta property=\"og:type\" content=\"article\" \/>\n<meta property=\"og:title\" content=\"Les sages\" \/>\n<meta property=\"og:description\" content=\"[vc_row][vc_column][\/vc_column][\/vc_row][vc_row][vc_column width=\u00a0\u00bb2\/3&Prime;][vc_column_text] Les Sages ont \u00e9t\u00e9 choisis pour leur longue exp\u00e9rience dans le domaine de la conscience, leur aisance \u00e0 transmettre des savoirs complexes, ainsi que leur envie d\u2019aiguiller l\u2019Institut des Pl\u00e9iades dans son \u00e9volution. En pratique, ils permettent \u00e0 l\u2019IPE d\u2019avoir un socle ferme \u00e0 partir duquel avancer. En [&hellip;]\" \/>\n<meta property=\"og:url\" content=\"https:\/\/pleiadianinstitute.com\/fr\/the-wise-ones\/\" \/>\n<meta property=\"og:site_name\" content=\"L&#039;Institut des Pl\u00e9iades en Europe\" \/>\n<meta property=\"article:modified_time\" content=\"2020-05-08T12:51:39+00:00\" \/>\n<meta name=\"twitter:card\" content=\"summary\" \/>\n<meta name=\"twitter:label1\" content=\"Dur\u00e9e de lecture estim\u00e9e\" \/>\n\t<meta name=\"twitter:data1\" content=\"8 minutes\" \/>\n<script type=\"application\/ld+json\" class=\"yoast-schema-graph\">{\"@context\":\"https:\/\/schema.org\",\"@graph\":[{\"@type\":\"WebPage\",\"@id\":\"https:\/\/pleiadianinstitute.com\/fr\/the-wise-ones\/\",\"url\":\"https:\/\/pleiadianinstitute.com\/fr\/the-wise-ones\/\",\"name\":\"[:en]The Wise Ones[:fr]Les sages[:] - L'Institut des Pl\u00e9iades en Europe\",\"isPartOf\":{\"@id\":\"https:\/\/pleiadianinstitute.com\/en\/#website\"},\"datePublished\":\"2020-05-03T07:31:24+00:00\",\"dateModified\":\"2020-05-08T12:51:39+00:00\",\"breadcrumb\":{\"@id\":\"https:\/\/pleiadianinstitute.com\/fr\/the-wise-ones\/#breadcrumb\"},\"inLanguage\":\"fr-FR\",\"potentialAction\":[{\"@type\":\"ReadAction\",\"target\":[\"https:\/\/pleiadianinstitute.com\/fr\/the-wise-ones\/\"]}]},{\"@type\":\"BreadcrumbList\",\"@id\":\"https:\/\/pleiadianinstitute.com\/fr\/the-wise-ones\/#breadcrumb\",\"itemListElement\":[{\"@type\":\"ListItem\",\"position\":1,\"name\":\"Accueil\",\"item\":\"https:\/\/pleiadianinstitute.com\/en\/\"},{\"@type\":\"ListItem\",\"position\":2,\"name\":\"Les sages\"}]},{\"@type\":\"WebSite\",\"@id\":\"https:\/\/pleiadianinstitute.com\/en\/#website\",\"url\":\"https:\/\/pleiadianinstitute.com\/en\/\",\"name\":\"L'Institut des Pl\u00e9iades en Europe\",\"description\":\"\",\"potentialAction\":[{\"@type\":\"SearchAction\",\"target\":{\"@type\":\"EntryPoint\",\"urlTemplate\":\"https:\/\/pleiadianinstitute.com\/en\/?s={search_term_string}\"},\"query-input\":\"required name=search_term_string\"}],\"inLanguage\":\"fr-FR\"}]}<\/script>\n<!-- \/ Yoast SEO plugin. -->","yoast_head_json":{"title":"Les sages - L'Institut des Pl\u00e9iades en Europe","robots":{"index":"index","follow":"follow","max-snippet":"max-snippet:-1","max-image-preview":"max-image-preview:large","max-video-preview":"max-video-preview:-1"},"canonical":"https:\/\/pleiadianinstitute.com\/fr\/the-wise-ones\/","og_locale":"fr_FR","og_type":"article","og_title":"[:en]The Wise Ones[:fr]Les sages[:] - L'Institut des Pl\u00e9iades en Europe","og_description":"[vc_row][vc_column][\/vc_column][\/vc_row][vc_row][vc_column width=\u00a0\u00bb2\/3&Prime;][vc_column_text] Les Sages ont \u00e9t\u00e9 choisis pour leur longue exp\u00e9rience dans le domaine de la conscience, leur aisance \u00e0 transmettre des savoirs complexes, ainsi que leur envie d\u2019aiguiller l\u2019Institut des Pl\u00e9iades dans son \u00e9volution. En pratique, ils permettent \u00e0 l\u2019IPE d\u2019avoir un socle ferme \u00e0 partir duquel avancer. En [&hellip;]","og_url":"https:\/\/pleiadianinstitute.com\/fr\/the-wise-ones\/","og_site_name":"L'Institut des Pl\u00e9iades en Europe","article_modified_time":"2020-05-08T12:51:39+00:00","twitter_card":"summary","twitter_misc":{"Dur\u00e9e de lecture estim\u00e9e":"8 minutes"},"schema":{"@context":"https:\/\/schema.org","@graph":[{"@type":"WebPage","@id":"https:\/\/pleiadianinstitute.com\/fr\/the-wise-ones\/","url":"https:\/\/pleiadianinstitute.com\/fr\/the-wise-ones\/","name":"[:en]The Wise Ones[:fr]Les sages[:] - L'Institut des Pl\u00e9iades en Europe","isPartOf":{"@id":"https:\/\/pleiadianinstitute.com\/en\/#website"},"datePublished":"2020-05-03T07:31:24+00:00","dateModified":"2020-05-08T12:51:39+00:00","breadcrumb":{"@id":"https:\/\/pleiadianinstitute.com\/fr\/the-wise-ones\/#breadcrumb"},"inLanguage":"fr-FR","potentialAction":[{"@type":"ReadAction","target":["https:\/\/pleiadianinstitute.com\/fr\/the-wise-ones\/"]}]},{"@type":"BreadcrumbList","@id":"https:\/\/pleiadianinstitute.com\/fr\/the-wise-ones\/#breadcrumb","itemListElement":[{"@type":"ListItem","position":1,"name":"Accueil","item":"https:\/\/pleiadianinstitute.com\/en\/"},{"@type":"ListItem","position":2,"name":"Les sages"}]},{"@type":"WebSite","@id":"https:\/\/pleiadianinstitute.com\/en\/#website","url":"https:\/\/pleiadianinstitute.com\/en\/","name":"L'Institut des Pl\u00e9iades en Europe","description":"","potentialAction":[{"@type":"SearchAction","target":{"@type":"EntryPoint","urlTemplate":"https:\/\/pleiadianinstitute.com\/en\/?s={search_term_string}"},"query-input":"required name=search_term_string"}],"inLanguage":"fr-FR"}]}},"_links":{"self":[{"href":"https:\/\/pleiadianinstitute.com\/fr\/wp-json\/wp\/v2\/pages\/2241"}],"collection":[{"href":"https:\/\/pleiadianinstitute.com\/fr\/wp-json\/wp\/v2\/pages"}],"about":[{"href":"https:\/\/pleiadianinstitute.com\/fr\/wp-json\/wp\/v2\/types\/page"}],"author":[{"embeddable":true,"href":"https:\/\/pleiadianinstitute.com\/fr\/wp-json\/wp\/v2\/users\/1"}],"replies":[{"embeddable":true,"href":"https:\/\/pleiadianinstitute.com\/fr\/wp-json\/wp\/v2\/comments?post=2241"}],"version-history":[{"count":70,"href":"https:\/\/pleiadianinstitute.com\/fr\/wp-json\/wp\/v2\/pages\/2241\/revisions"}],"predecessor-version":[{"id":2333,"href":"https:\/\/pleiadianinstitute.com\/fr\/wp-json\/wp\/v2\/pages\/2241\/revisions\/2333"}],"wp:attachment":[{"href":"https:\/\/pleiadianinstitute.com\/fr\/wp-json\/wp\/v2\/media?parent=2241"}],"curies":[{"name":"wp","href":"https:\/\/api.w.org\/{rel}","templated":true}]}}