{"id":2088,"date":"2019-07-04T14:13:40","date_gmt":"2019-07-04T13:13:40","guid":{"rendered":"http:\/\/pleiadianinstitute.com\/?page_id=2088"},"modified":"2020-05-03T09:13:36","modified_gmt":"2020-05-03T08:13:36","slug":"donate","status":"publish","type":"page","link":"https:\/\/pleiadianinstitute.com\/fr\/donate\/","title":{"rendered":"Faire un don"},"content":{"rendered":"<p>[vc_row][vc_column]    <div class=\"tz_box_title\">\r\n        \r\n            <div class=\"tz_maniva_meetup_title tz_maniva_meetup_title_type1  tz_text_align_center \">\r\n\r\n                \r\n                    <h3 class=\"\"  \">\r\n                    Soutenez l'Institut des Pl\u00e9iades en Europe                    <\/h3>\r\n\r\n                \r\n                \r\n                \r\n                \r\n            <\/div>\r\n\r\n            <\/div>\r\n    [vc_empty_space][\/vc_column][vc_column width=\u00a0\u00bb2\/3&Prime;][vc_column_text]Bonjour \u00e0 vous,<\/p>\n<p>Notre association se d\u00e9veloppe gr\u00e2ce \u00e0 votre participation!<\/p>\n<p>Nous sommes en \u00e9volution et d\u00e9veloppement constant. C&rsquo;est par l&rsquo;interm\u00e9diaire de votre soutien que nous parvenons \u00e0 offrir du contenu de grande qualit\u00e9, int\u00e9gr\u00e9 dans une organisation efficace.<\/p>\n<p>Vos dons serviront entre autre:<\/p>\n<p>&#8211; aux frais de location de salle<br \/>\n&#8211; aux besoins de promotion<br \/>\n&#8211; aux besoins logistiques<br \/>\n&#8211; aux r\u00e9tributions pour les intervenants<br \/>\n&#8211; aux frais vid\u00e9os et site web<\/p>\n<p>Nous sommes heureux de pouvoir vous compter parmi nos donateurs!<\/p>\n<p>Si vous n&rsquo;avez pas de compte PayPal ou si vous souhaitez faire des donations plus importantes, veuillez nous contacter \u00e0 l&rsquo;adresse suivante: <a href=\"mailto:contact@pleiadianinstitute.com\" target=\"_blank\" rel=\"noopener noreferrer\">contact@pleiadianinstitute.com<\/a><\/p>\n<p>L&rsquo;\u00e9quipe de l&rsquo;IPE[\/vc_column_text][\/vc_column][vc_column width=\u00a0\u00bb1\/3&Prime;][vc_column_text]<\/p>\n<h3>Don par Paypal<\/h3>\n<p>En cliquant sur le bouton ci-dessous, cela vous redirigera vers un formulaire sur Paypal pour proc\u00e9der au don.[\/vc_column_text][vc_raw_html]JTNDZm9ybSUyMGFjdGlvbiUzRCUyMmh0dHBzJTNBJTJGJTJGd3d3LnBheXBhbC5jb20lMkZjZ2ktYmluJTJGd2Vic2NyJTIyJTIwbWV0aG9kJTNEJTIycG9zdCUyMiUyMHRhcmdldCUzRCUyMl90b3AlMjIlM0UlMEElM0NpbnB1dCUyMHR5cGUlM0QlMjJoaWRkZW4lMjIlMjBuYW1lJTNEJTIyY21kJTIyJTIwdmFsdWUlM0QlMjJfcy14Y2xpY2slMjIlMjAlMkYlM0UlMEElM0NpbnB1dCUyMHR5cGUlM0QlMjJoaWRkZW4lMjIlMjBuYW1lJTNEJTIyaG9zdGVkX2J1dHRvbl9pZCUyMiUyMHZhbHVlJTNEJTIyV1hCUjJKRzQ5WlhLSiUyMiUyMCUyRiUzRSUwQSUzQ2lucHV0JTIwdHlwZSUzRCUyMmltYWdlJTIyJTIwY2xhc3MlM0QlMjJkb25hdGUtYnV0dG9uJTIyJTIwc3JjJTNEJTIyaHR0cHMlM0ElMkYlMkZwbGVpYWRpYW5pbnN0aXR1dGUuY29tJTJGd3AtY29udGVudCUyRnRoZW1lcyUyRm1hbml2YS1tZWV0dXAtY2hpbGQlMkZpbWFnZXMlMkZwYXlwYWwuc3ZnJTIyJTIwJTIwd2lkdGglM0QlMjIyMDAlMjIlMjBib3JkZXIlM0QlMjIwJTIyJTIwbmFtZSUzRCUyMnN1Ym1pdCUyMiUyMHRpdGxlJTNEJTIyUGF5UGFsJTIwLSUyMFRoZSUyMHNhZmVyJTJDJTIwZWFzaWVyJTIwd2F5JTIwdG8lMjBwYXklMjBvbmxpbmUlMjElMjIlMjBhbHQlM0QlMjJCb3V0b24lMjBGYWl0ZXMlMjB1biUyMGRvbiUyMGF2ZWMlMjBQYXlQYWwlMjIlMjAlMkYlM0UlMEElM0NpbWclMjBhbHQlM0QlMjIlMjIlMjBib3JkZXIlM0QlMjIwJTIyJTIwc3JjJTNEJTIyaHR0cHMlM0ElMkYlMkZ3d3cucGF5cGFsLmNvbSUyRmZyX0NIJTJGaSUyRnNjciUyRnBpeGVsLmdpZiUyMiUyMHdpZHRoJTNEJTIyMSUyMiUyMGhlaWdodCUzRCUyMjElMjIlMjAlMkYlM0UlMEElM0MlMkZmb3JtJTNF[\/vc_raw_html][\/vc_column][vc_column][\/vc_column][vc_column][\/vc_column][\/vc_row][vc_row][vc_column][\/vc_column][\/vc_row]<\/p>\n","protected":false},"excerpt":{"rendered":"<p>[vc_row][vc_column][vc_empty_space][\/vc_column][vc_column width=\u00a0\u00bb2\/3&Prime;][vc_column_text]Bonjour \u00e0 vous, Notre association se d\u00e9veloppe gr\u00e2ce \u00e0 votre participation! Nous sommes en \u00e9volution et d\u00e9veloppement constant. C&rsquo;est par l&rsquo;interm\u00e9diaire de votre soutien que nous parvenons \u00e0 offrir du contenu de grande qualit\u00e9, int\u00e9gr\u00e9 dans une organisation efficace. Vos dons serviront entre autre: &#8211; aux frais de location [&hellip;]<\/p>\n","protected":false},"author":1,"featured_media":0,"parent":0,"menu_order":0,"comment_status":"closed","ping_status":"closed","template":"","meta":[],"yoast_head":"<!-- This site is optimized with the Yoast SEO plugin v19.6.1 - https:\/\/yoast.com\/wordpress\/plugins\/seo\/ -->\n<title>Faire un don - L&#039;Institut des Pl\u00e9iades en Europe<\/title>\n<meta name=\"robots\" content=\"index, follow, max-snippet:-1, max-image-preview:large, max-video-preview:-1\" \/>\n<link rel=\"canonical\" href=\"https:\/\/pleiadianinstitute.com\/fr\/donate\/\" \/>\n<meta property=\"og:locale\" content=\"fr_FR\" \/>\n<meta property=\"og:type\" content=\"article\" \/>\n<meta property=\"og:title\" content=\"Faire un don\" \/>\n<meta property=\"og:description\" content=\"[vc_row][vc_column][vc_empty_space][\/vc_column][vc_column width=\u00a0\u00bb2\/3&Prime;][vc_column_text]Bonjour \u00e0 vous, Notre association se d\u00e9veloppe gr\u00e2ce \u00e0 votre participation! Nous sommes en \u00e9volution et d\u00e9veloppement constant. C&rsquo;est par l&rsquo;interm\u00e9diaire de votre soutien que nous parvenons \u00e0 offrir du contenu de grande qualit\u00e9, int\u00e9gr\u00e9 dans une organisation efficace. Vos dons serviront entre autre: &#8211; aux frais de location [&hellip;]\" \/>\n<meta property=\"og:url\" content=\"https:\/\/pleiadianinstitute.com\/fr\/donate\/\" \/>\n<meta property=\"og:site_name\" content=\"L&#039;Institut des Pl\u00e9iades en Europe\" \/>\n<meta property=\"article:modified_time\" content=\"2020-05-03T08:13:36+00:00\" \/>\n<meta name=\"twitter:card\" content=\"summary\" \/>\n<meta name=\"twitter:label1\" content=\"Dur\u00e9e de lecture estim\u00e9e\" \/>\n\t<meta name=\"twitter:data1\" content=\"3 minutes\" \/>\n<script type=\"application\/ld+json\" class=\"yoast-schema-graph\">{\"@context\":\"https:\/\/schema.org\",\"@graph\":[{\"@type\":\"WebPage\",\"@id\":\"https:\/\/pleiadianinstitute.com\/fr\/donate\/\",\"url\":\"https:\/\/pleiadianinstitute.com\/fr\/donate\/\",\"name\":\"[:en]Donate[:fr]Faire un don[:] - L'Institut des Pl\u00e9iades en Europe\",\"isPartOf\":{\"@id\":\"https:\/\/pleiadianinstitute.com\/en\/#website\"},\"datePublished\":\"2019-07-04T13:13:40+00:00\",\"dateModified\":\"2020-05-03T08:13:36+00:00\",\"breadcrumb\":{\"@id\":\"https:\/\/pleiadianinstitute.com\/fr\/donate\/#breadcrumb\"},\"inLanguage\":\"fr-FR\",\"potentialAction\":[{\"@type\":\"ReadAction\",\"target\":[\"https:\/\/pleiadianinstitute.com\/fr\/donate\/\"]}]},{\"@type\":\"BreadcrumbList\",\"@id\":\"https:\/\/pleiadianinstitute.com\/fr\/donate\/#breadcrumb\",\"itemListElement\":[{\"@type\":\"ListItem\",\"position\":1,\"name\":\"Accueil\",\"item\":\"https:\/\/pleiadianinstitute.com\/en\/\"},{\"@type\":\"ListItem\",\"position\":2,\"name\":\"Faire un don\"}]},{\"@type\":\"WebSite\",\"@id\":\"https:\/\/pleiadianinstitute.com\/en\/#website\",\"url\":\"https:\/\/pleiadianinstitute.com\/en\/\",\"name\":\"L'Institut des Pl\u00e9iades en Europe\",\"description\":\"\",\"potentialAction\":[{\"@type\":\"SearchAction\",\"target\":{\"@type\":\"EntryPoint\",\"urlTemplate\":\"https:\/\/pleiadianinstitute.com\/en\/?s={search_term_string}\"},\"query-input\":\"required name=search_term_string\"}],\"inLanguage\":\"fr-FR\"}]}<\/script>\n<!-- \/ Yoast SEO plugin. -->","yoast_head_json":{"title":"Faire un don - L'Institut des Pl\u00e9iades en Europe","robots":{"index":"index","follow":"follow","max-snippet":"max-snippet:-1","max-image-preview":"max-image-preview:large","max-video-preview":"max-video-preview:-1"},"canonical":"https:\/\/pleiadianinstitute.com\/fr\/donate\/","og_locale":"fr_FR","og_type":"article","og_title":"[:en]Donate[:fr]Faire un don[:] - L'Institut des Pl\u00e9iades en Europe","og_description":"[vc_row][vc_column][vc_empty_space][\/vc_column][vc_column width=\u00a0\u00bb2\/3&Prime;][vc_column_text]Bonjour \u00e0 vous, Notre association se d\u00e9veloppe gr\u00e2ce \u00e0 votre participation! Nous sommes en \u00e9volution et d\u00e9veloppement constant. C&rsquo;est par l&rsquo;interm\u00e9diaire de votre soutien que nous parvenons \u00e0 offrir du contenu de grande qualit\u00e9, int\u00e9gr\u00e9 dans une organisation efficace. Vos dons serviront entre autre: &#8211; aux frais de location [&hellip;]","og_url":"https:\/\/pleiadianinstitute.com\/fr\/donate\/","og_site_name":"L'Institut des Pl\u00e9iades en Europe","article_modified_time":"2020-05-03T08:13:36+00:00","twitter_card":"summary","twitter_misc":{"Dur\u00e9e de lecture estim\u00e9e":"3 minutes"},"schema":{"@context":"https:\/\/schema.org","@graph":[{"@type":"WebPage","@id":"https:\/\/pleiadianinstitute.com\/fr\/donate\/","url":"https:\/\/pleiadianinstitute.com\/fr\/donate\/","name":"[:en]Donate[:fr]Faire un don[:] - L'Institut des Pl\u00e9iades en Europe","isPartOf":{"@id":"https:\/\/pleiadianinstitute.com\/en\/#website"},"datePublished":"2019-07-04T13:13:40+00:00","dateModified":"2020-05-03T08:13:36+00:00","breadcrumb":{"@id":"https:\/\/pleiadianinstitute.com\/fr\/donate\/#breadcrumb"},"inLanguage":"fr-FR","potentialAction":[{"@type":"ReadAction","target":["https:\/\/pleiadianinstitute.com\/fr\/donate\/"]}]},{"@type":"BreadcrumbList","@id":"https:\/\/pleiadianinstitute.com\/fr\/donate\/#breadcrumb","itemListElement":[{"@type":"ListItem","position":1,"name":"Accueil","item":"https:\/\/pleiadianinstitute.com\/en\/"},{"@type":"ListItem","position":2,"name":"Faire un don"}]},{"@type":"WebSite","@id":"https:\/\/pleiadianinstitute.com\/en\/#website","url":"https:\/\/pleiadianinstitute.com\/en\/","name":"L'Institut des Pl\u00e9iades en Europe","description":"","potentialAction":[{"@type":"SearchAction","target":{"@type":"EntryPoint","urlTemplate":"https:\/\/pleiadianinstitute.com\/en\/?s={search_term_string}"},"query-input":"required name=search_term_string"}],"inLanguage":"fr-FR"}]}},"_links":{"self":[{"href":"https:\/\/pleiadianinstitute.com\/fr\/wp-json\/wp\/v2\/pages\/2088"}],"collection":[{"href":"https:\/\/pleiadianinstitute.com\/fr\/wp-json\/wp\/v2\/pages"}],"about":[{"href":"https:\/\/pleiadianinstitute.com\/fr\/wp-json\/wp\/v2\/types\/page"}],"author":[{"embeddable":true,"href":"https:\/\/pleiadianinstitute.com\/fr\/wp-json\/wp\/v2\/users\/1"}],"replies":[{"embeddable":true,"href":"https:\/\/pleiadianinstitute.com\/fr\/wp-json\/wp\/v2\/comments?post=2088"}],"version-history":[{"count":23,"href":"https:\/\/pleiadianinstitute.com\/fr\/wp-json\/wp\/v2\/pages\/2088\/revisions"}],"predecessor-version":[{"id":2262,"href":"https:\/\/pleiadianinstitute.com\/fr\/wp-json\/wp\/v2\/pages\/2088\/revisions\/2262"}],"wp:attachment":[{"href":"https:\/\/pleiadianinstitute.com\/fr\/wp-json\/wp\/v2\/media?parent=2088"}],"curies":[{"name":"wp","href":"https:\/\/api.w.org\/{rel}","templated":true}]}}