{"id":1244,"date":"2016-04-06T18:13:35","date_gmt":"2016-04-06T17:13:35","guid":{"rendered":"http:\/\/pleiadianinstitute.com\/?page_id=1244"},"modified":"2022-06-24T15:38:04","modified_gmt":"2022-06-24T14:38:04","slug":"institute","status":"publish","type":"page","link":"https:\/\/pleiadianinstitute.com\/fr\/institute\/","title":{"rendered":"L&rsquo;institut"},"content":{"rendered":"<p>[vc_row el_id=\u00a0\u00bbabout\u00a0\u00bb][vc_column width=\u00a0\u00bb2\/3&Prime;][vc_custom_heading text=\u00a0\u00bbQui sommes-nous ?\u00a0\u00bb google_fonts=\u00a0\u00bbfont_family:Montserrat%3Aregular%2C700|font_style:400%20regular%3A400%3Anormal\u00a0\u00bb][vc_column_text]L\u2019institut des Pleiades en Europe est une association qui guide et assiste ceux qui souhaitent s\u2019informer et apprendre sur l\u2019\u00e9veil des consciences. Notre but est de diffuser les savoirs et les informations utiles \u00e0 ceux qui souhaitent r\u00e9ellement d\u00e9couvrir leur nature spirituelle, de fa\u00e7on structur\u00e9e et moderne.<\/p>\n<p>Sous le terme \u00ab\u00a0\u00e9veil des consciences\u00a0\u00bb nous d\u00e9signons de nombreux domaines et disciplines telles que la philosophie, la m\u00e9taphysique, le d\u00e9veloppement personnel, le bien-\u00eatre, les sciences quantiques, l\u2019\u00e9cologie, \u00e9sot\u00e9risme, la m\u00e9ditation, etc.<\/p>\n<p>Ces domaines ont \u00e9t\u00e9 \u00e9tudi\u00e9s et pratiqu\u00e9s de tout temps. Les philosophes de la Gr\u00e8ce antique voyaient ces connaissances de fa\u00e7on holistique, et non s\u00e9par\u00e9e. La r\u00e9volution, c\u2019est que ces savoirs sacr\u00e9s sont d\u00e9sormais revisit\u00e9s et accr\u00e9dit\u00e9s \u00e0 l\u2019\u00e9chelle mondiale, comme base des \u00e9changes au sein de la soci\u00e9t\u00e9 de demain.<\/p>\n<p>Nous travaillons par le biais d\u2019\u00e9v\u00e8nements, de conf\u00e9rences, de s\u00e9minaires, stages et m\u00e9ditations. Nous invitons au cours de ces \u00e9v\u00e8nements des sp\u00e9cialistes du monde entier, dans des domaines vari\u00e9s mais toujours li\u00e9s \u00e0 la conscience.[\/vc_column_text][\/vc_column][vc_column width=\u00a0\u00bb1\/3&Prime;][vc_row_inner][vc_column_inner][vc_column_text]<span style=\"font-size: 18pt;\"><em>\u00ab\u00a0Souvenez-vous que vous \u00eates la r\u00e9alit\u00e9 int\u00e9rieure. Pure conscience uniquement. Tout ce qui se pr\u00e9sente \u00e0 vous, ce ne sont que des apparences dans la conscience. Ne vous en pr\u00e9occupez pas. Demeurez en tant que conscience. C\u2019est le secret.\u00a0\u00bb\u00a0Mooji<\/em><\/span>[\/vc_column_text][\/vc_column_inner][\/vc_row_inner][vc_separator][\/vc_column][\/vc_row][vc_row][vc_column][vc_empty_space][vc_separator][vc_empty_space][\/vc_column][\/vc_row][vc_row el_id=\u00a0\u00bbteam\u00a0\u00bb][vc_column][vc_custom_heading text=\u00a0\u00bbL&rsquo;\u00e9quipe\u00a0\u00bb google_fonts=\u00a0\u00bbfont_family:Montserrat%3Aregular%2C700|font_style:400%20regular%3A400%3Anormal\u00a0\u00bb]\r\n    <div class=\"tz_maniva_about_meetup\">\r\n        <div class=\"tz_meetup_thumbnail\">\r\n\r\n            \r\n                \r\n            \r\n        <\/div>\r\n        <h4 >\r\n            \r\n                \r\n                    <\/h4>\r\n        <div class=\"tz_meetup_about_content\">\r\n            <p>Dans la <strong>#TeamPleiades<\/strong>, nous prenons la spiritualit\u00e9 tr\u00e8s PEU au s\u00e9rieux!!! Nous sommes tous sur un grand parcours d&rsquo;apprentissage, alors quoi de mieux que d&rsquo;apprendre en passant un bon moment !?<\/p>\n        <\/div>\r\n    <\/div>\r\n\r\n[vc_single_image image=\u00a0\u00bb2382&Prime; img_size=\u00a0\u00bblarge\u00a0\u00bb alignment=\u00a0\u00bbcenter\u00a0\u00bb][\/vc_column][\/vc_row][vc_row][vc_column][vc_empty_space][vc_separator][vc_empty_space][\/vc_column][\/vc_row][vc_row el_id=\u00a0\u00bbvalues\u00a0\u00bb][vc_column width=\u00a0\u00bb2\/3&Prime;][vc_custom_heading text=\u00a0\u00bbNos valeurs\u00a0\u00bb google_fonts=\u00a0\u00bbfont_family:Montserrat%3Aregular%2C700|font_style:400%20regular%3A400%3Anormal\u00a0\u00bb][vc_column_text]Nos valeurs sont le <strong>partage<\/strong>, <strong>l\u2019\u00e9change<\/strong>, <strong>l\u2019apprentissage<\/strong>, <strong>l\u2019\u00e9volution collective<\/strong>, <strong>l\u2019humanisme<\/strong>, mais aussi le <strong>courage de challenger le syst\u00e8me<\/strong> et les vieilles croyances \u00e9tablies.<\/p>\n<p>Nous croyons en la <strong>nature duelle<\/strong> de l\u2019Homme\u00a0: physique (personnalit\u00e9) et spirituelle (Ame, elle-m\u00eame v\u00e9hicule de l\u2019esprit).<\/p>\n<p>Nous pensons qu\u2019en cr\u00e9ant des espaces d\u2019\u00e9change ouverts aux personnes en recherche sur elle-m\u00eame et sur le fonctionnement de l\u2019Univers nous pourrons faire \u00e9voluer les mentalit\u00e9s et participer \u00e0 l\u2019\u00e9veil collectif.[\/vc_column_text][\/vc_column][vc_column width=\u00a0\u00bb1\/3&Prime;][vc_row_inner][vc_column_inner el_class=\u00a0\u00bbTout le monde peut \u00eatre mon instructeur. Certains je les cherche. Certains je les attire inconsciemment. Souvent j&rsquo;apprend simplement en observant les autres. Certains ne se rendent peut-\u00eatre pas du tout compte que j&rsquo;apprends d&rsquo;eux, pourtant je m&rsquo;incline, rempli de gratitude\u00ab\u00a0 Eric Allen\u00a0\u00bb][vc_column_text]<span style=\"font-size: 18pt;\"><em>\u00ab\u00a0Tout le monde peut \u00eatre mon instructeur. Certains, je les cherche. Certains, je les attire inconsciemment. Souvent, j&rsquo;apprends simplement en observant les autres. Certains ne se rendent peut-\u00eatre pas du tout compte que j&rsquo;apprends d&rsquo;eux, pourtant, je m&rsquo;incline, rempli de gratitude.\u00a0\u00bb Eric Allen<\/em><\/span>[\/vc_column_text][\/vc_column_inner][\/vc_row_inner][vc_separator][\/vc_column][\/vc_row][vc_row][vc_column][vc_empty_space][vc_separator][vc_empty_space][\/vc_column][\/vc_row][vc_row css=\u00a0\u00bb.vc_custom_1484493782483{padding-top: 128px !important;padding-bottom: 80px !important;}\u00a0\u00bb el_id=\u00a0\u00bbpartners\u00a0\u00bb][vc_column][vc_custom_heading text=\u00a0\u00bbLes partenaires\u00a0\u00bb google_fonts=\u00a0\u00bbfont_family:Montserrat%3Aregular%2C700|font_style:400%20regular%3A400%3Anormal\u00a0\u00bb]\r\n    <div class=\"tz_maniva_about_meetup\">\r\n        <div class=\"tz_meetup_thumbnail\">\r\n\r\n            \r\n                \r\n            \r\n        <\/div>\r\n        <h4 >\r\n            \r\n                \r\n                    <\/h4>\r\n        <div class=\"tz_meetup_about_content\">\r\n            <p><strong>Semir Osmanagic, arch\u00e9ologue des pyramides de Bosnie:<\/strong><br \/>\n<a href=\"http:\/\/www.bosnianpyramids.org\/\" target=\"_blank\" rel=\"noopener noreferrer\">http:\/\/www.bosnianpyramids.<wbr \/>org\/<\/a><\/p>\n<p>&nbsp;<\/p>\n<p><strong>Dr. Steve Hinkey et Dan Mc Tague, soigneurs \u00e9sot\u00e9riques et m\u00e9ditateurs:<\/strong><br \/>\n<a href=\"http:\/\/www.loveismorethanone.com\/\" target=\"_blank\" rel=\"noopener noreferrer\">http:\/\/www.loveismorethanone.com\/<\/a><\/p>\n<p>&nbsp;<\/p>\n<p><strong>Le site Viadimension qui organise des rencontres et congr\u00e8s \u00e0 Barcelone:<\/strong><br \/>\n<a href=\"http:\/\/viadimension.es\" target=\"_blank\" rel=\"noopener noreferrer\">http:\/\/viadimension.es<\/a><\/p>\n<p>&nbsp;<\/p>\n<p><b>Linda Backmann, psychologue am\u00e9ricaine et sp\u00e9cialiste du sujet des incarnations:<\/b><\/p>\n<p><a href=\"http:\/\/www.bringingyoursoultolight.com\/about_author.html\" target=\"_blank\" rel=\"noopener noreferrer\">http:\/\/www.bringingyoursoultolight.com\/index.html<\/a><\/p>\n<p>&nbsp;<\/p>\n<p><b>7skylife, partagez vos histoires exaltantes!<\/b><\/p>\n<p><a href=\"https:\/\/www.7sky.life\/\" target=\"_blank\" rel=\"noopener noreferrer\">https:\/\/www.7sky.life\/<\/a><\/p>\n        <\/div>\r\n    <\/div>\r\n\r\n[vc_empty_space][\/vc_column][\/vc_row]<\/p>\n","protected":false},"excerpt":{"rendered":"<p>[vc_row el_id=\u00a0\u00bbabout\u00a0\u00bb][vc_column width=\u00a0\u00bb2\/3&Prime;][vc_custom_heading text=\u00a0\u00bbQui sommes-nous ?\u00a0\u00bb google_fonts=\u00a0\u00bbfont_family:Montserrat%3Aregular%2C700|font_style:400%20regular%3A400%3Anormal\u00a0\u00bb][vc_column_text]L\u2019institut des Pleiades en Europe est une association qui guide et assiste ceux qui souhaitent s\u2019informer et apprendre sur l\u2019\u00e9veil des consciences. Notre but est de diffuser les savoirs et les informations utiles \u00e0 ceux qui souhaitent r\u00e9ellement d\u00e9couvrir leur nature spirituelle, de fa\u00e7on [&hellip;]<\/p>\n","protected":false},"author":1,"featured_media":0,"parent":0,"menu_order":0,"comment_status":"closed","ping_status":"closed","template":"","meta":[],"yoast_head":"<!-- This site is optimized with the Yoast SEO plugin v19.6.1 - https:\/\/yoast.com\/wordpress\/plugins\/seo\/ -->\n<title>L&#039;institut - L&#039;Institut des Pl\u00e9iades en Europe<\/title>\n<meta name=\"robots\" content=\"index, follow, max-snippet:-1, max-image-preview:large, max-video-preview:-1\" \/>\n<link rel=\"canonical\" href=\"https:\/\/pleiadianinstitute.com\/en\/institute\/\" \/>\n<meta property=\"og:locale\" content=\"fr_FR\" \/>\n<meta property=\"og:type\" content=\"article\" \/>\n<meta property=\"og:title\" content=\"L&#039;institut\" \/>\n<meta property=\"og:description\" content=\"[vc_row el_id=\u00a0\u00bbabout\u00a0\u00bb][vc_column width=\u00a0\u00bb2\/3&Prime;][vc_custom_heading text=\u00a0\u00bbQui sommes-nous ?\u00a0\u00bb google_fonts=\u00a0\u00bbfont_family:Montserrat%3Aregular%2C700|font_style:400%20regular%3A400%3Anormal\u00a0\u00bb][vc_column_text]L\u2019institut des Pleiades en Europe est une association qui guide et assiste ceux qui souhaitent s\u2019informer et apprendre sur l\u2019\u00e9veil des consciences. Notre but est de diffuser les savoirs et les informations utiles \u00e0 ceux qui souhaitent r\u00e9ellement d\u00e9couvrir leur nature spirituelle, de fa\u00e7on [&hellip;]\" \/>\n<meta property=\"og:url\" content=\"https:\/\/pleiadianinstitute.com\/en\/institute\/\" \/>\n<meta property=\"og:site_name\" content=\"L&#039;Institut des Pl\u00e9iades en Europe\" \/>\n<meta property=\"article:modified_time\" content=\"2022-06-24T14:38:04+00:00\" \/>\n<meta name=\"twitter:card\" content=\"summary\" \/>\n<meta name=\"twitter:label1\" content=\"Dur\u00e9e de lecture estim\u00e9e\" \/>\n\t<meta name=\"twitter:data1\" content=\"3 minutes\" \/>\n<script type=\"application\/ld+json\" class=\"yoast-schema-graph\">{\"@context\":\"https:\/\/schema.org\",\"@graph\":[{\"@type\":\"WebPage\",\"@id\":\"https:\/\/pleiadianinstitute.com\/en\/institute\/\",\"url\":\"https:\/\/pleiadianinstitute.com\/en\/institute\/\",\"name\":\"[:en]The institute[:fr]L&#039;institut[:] - L'Institut des Pl\u00e9iades en Europe\",\"isPartOf\":{\"@id\":\"https:\/\/pleiadianinstitute.com\/en\/#website\"},\"datePublished\":\"2016-04-06T17:13:35+00:00\",\"dateModified\":\"2022-06-24T14:38:04+00:00\",\"breadcrumb\":{\"@id\":\"https:\/\/pleiadianinstitute.com\/en\/institute\/#breadcrumb\"},\"inLanguage\":\"fr-FR\",\"potentialAction\":[{\"@type\":\"ReadAction\",\"target\":[\"https:\/\/pleiadianinstitute.com\/en\/institute\/\"]}]},{\"@type\":\"BreadcrumbList\",\"@id\":\"https:\/\/pleiadianinstitute.com\/en\/institute\/#breadcrumb\",\"itemListElement\":[{\"@type\":\"ListItem\",\"position\":1,\"name\":\"Accueil\",\"item\":\"https:\/\/pleiadianinstitute.com\/en\/\"},{\"@type\":\"ListItem\",\"position\":2,\"name\":\"The institute\"}]},{\"@type\":\"WebSite\",\"@id\":\"https:\/\/pleiadianinstitute.com\/en\/#website\",\"url\":\"https:\/\/pleiadianinstitute.com\/en\/\",\"name\":\"L'Institut des Pl\u00e9iades en Europe\",\"description\":\"\",\"potentialAction\":[{\"@type\":\"SearchAction\",\"target\":{\"@type\":\"EntryPoint\",\"urlTemplate\":\"https:\/\/pleiadianinstitute.com\/en\/?s={search_term_string}\"},\"query-input\":\"required name=search_term_string\"}],\"inLanguage\":\"fr-FR\"}]}<\/script>\n<!-- \/ Yoast SEO plugin. -->","yoast_head_json":{"title":"L'institut - L'Institut des Pl\u00e9iades en Europe","robots":{"index":"index","follow":"follow","max-snippet":"max-snippet:-1","max-image-preview":"max-image-preview:large","max-video-preview":"max-video-preview:-1"},"canonical":"https:\/\/pleiadianinstitute.com\/en\/institute\/","og_locale":"fr_FR","og_type":"article","og_title":"[:en]The institute[:fr]L&#039;institut[:] - L'Institut des Pl\u00e9iades en Europe","og_description":"[vc_row el_id=\u00a0\u00bbabout\u00a0\u00bb][vc_column width=\u00a0\u00bb2\/3&Prime;][vc_custom_heading text=\u00a0\u00bbQui sommes-nous ?\u00a0\u00bb google_fonts=\u00a0\u00bbfont_family:Montserrat%3Aregular%2C700|font_style:400%20regular%3A400%3Anormal\u00a0\u00bb][vc_column_text]L\u2019institut des Pleiades en Europe est une association qui guide et assiste ceux qui souhaitent s\u2019informer et apprendre sur l\u2019\u00e9veil des consciences. Notre but est de diffuser les savoirs et les informations utiles \u00e0 ceux qui souhaitent r\u00e9ellement d\u00e9couvrir leur nature spirituelle, de fa\u00e7on [&hellip;]","og_url":"https:\/\/pleiadianinstitute.com\/en\/institute\/","og_site_name":"L'Institut des Pl\u00e9iades en Europe","article_modified_time":"2022-06-24T14:38:04+00:00","twitter_card":"summary","twitter_misc":{"Dur\u00e9e de lecture estim\u00e9e":"3 minutes"},"schema":{"@context":"https:\/\/schema.org","@graph":[{"@type":"WebPage","@id":"https:\/\/pleiadianinstitute.com\/en\/institute\/","url":"https:\/\/pleiadianinstitute.com\/en\/institute\/","name":"[:en]The institute[:fr]L&#039;institut[:] - L'Institut des Pl\u00e9iades en Europe","isPartOf":{"@id":"https:\/\/pleiadianinstitute.com\/en\/#website"},"datePublished":"2016-04-06T17:13:35+00:00","dateModified":"2022-06-24T14:38:04+00:00","breadcrumb":{"@id":"https:\/\/pleiadianinstitute.com\/en\/institute\/#breadcrumb"},"inLanguage":"fr-FR","potentialAction":[{"@type":"ReadAction","target":["https:\/\/pleiadianinstitute.com\/en\/institute\/"]}]},{"@type":"BreadcrumbList","@id":"https:\/\/pleiadianinstitute.com\/en\/institute\/#breadcrumb","itemListElement":[{"@type":"ListItem","position":1,"name":"Accueil","item":"https:\/\/pleiadianinstitute.com\/en\/"},{"@type":"ListItem","position":2,"name":"The institute"}]},{"@type":"WebSite","@id":"https:\/\/pleiadianinstitute.com\/en\/#website","url":"https:\/\/pleiadianinstitute.com\/en\/","name":"L'Institut des Pl\u00e9iades en Europe","description":"","potentialAction":[{"@type":"SearchAction","target":{"@type":"EntryPoint","urlTemplate":"https:\/\/pleiadianinstitute.com\/en\/?s={search_term_string}"},"query-input":"required name=search_term_string"}],"inLanguage":"fr-FR"}]}},"_links":{"self":[{"href":"https:\/\/pleiadianinstitute.com\/fr\/wp-json\/wp\/v2\/pages\/1244"}],"collection":[{"href":"https:\/\/pleiadianinstitute.com\/fr\/wp-json\/wp\/v2\/pages"}],"about":[{"href":"https:\/\/pleiadianinstitute.com\/fr\/wp-json\/wp\/v2\/types\/page"}],"author":[{"embeddable":true,"href":"https:\/\/pleiadianinstitute.com\/fr\/wp-json\/wp\/v2\/users\/1"}],"replies":[{"embeddable":true,"href":"https:\/\/pleiadianinstitute.com\/fr\/wp-json\/wp\/v2\/comments?post=1244"}],"version-history":[{"count":73,"href":"https:\/\/pleiadianinstitute.com\/fr\/wp-json\/wp\/v2\/pages\/1244\/revisions"}],"predecessor-version":[{"id":2384,"href":"https:\/\/pleiadianinstitute.com\/fr\/wp-json\/wp\/v2\/pages\/1244\/revisions\/2384"}],"wp:attachment":[{"href":"https:\/\/pleiadianinstitute.com\/fr\/wp-json\/wp\/v2\/media?parent=1244"}],"curies":[{"name":"wp","href":"https:\/\/api.w.org\/{rel}","templated":true}]}}